{"id":39938,"date":"2021-09-16T11:05:56","date_gmt":"2021-09-16T11:05:56","guid":{"rendered":"https:\/\/www.crestemsicalatorim.com\/?page_id=39938"},"modified":"2021-09-16T11:06:35","modified_gmt":"2021-09-16T11:06:35","slug":"termeni-si-conditii","status":"publish","type":"page","link":"https:\/\/www.crestemsicalatorim.com\/index.php\/termeni-si-conditii\/","title":{"rendered":"Termeni si Conditii"},"content":{"rendered":"<p>Magazinul online crestemsicalatorim.com este proprietatea S.C. Crestem si Calatorim S.R.L. cu sediul \u00een Voluntari, str. George Bacovia nr 9D, jude\u021bul Ilfov, \u00eenregistrat\u0103 la Registrul Comer\u0163ului sub nr. J23\/2410\/25.06.2020, C.U.I: 42685325 \u0219i denumit\u0103 \u00een continuare \u201cSocietatea\u201d.<\/p><p>Folosirea acestui site implic\u0103 acceptarea termenilor \u015fi condi\u0163iilor de mai jos. Crestem si Calatorim SRL \u00ee\u015fi rezerv\u0103 dreptul de a modifica prevederile acestui regulament. Versiunea \u00een vigoare a acestor prevederi poate fi consultat\u0103 acces\u00e2nd pagina denumit\u0103 Termeni \u015fi Condi\u0163ii.<\/p><p>Dac\u0103 ave\u021bi nevoie de informa\u0163ii suplimentare sau clarific\u0103ri, v\u0103 rug\u0103m s\u0103 ne contacta\u0163i la adresa de e-mail&nbsp;<a href=\"mailto:contact@crestemsicalatorim.com\">contact@crestemsicalatorim.com<\/a><\/p><p><strong>Dreptul de autor asupra con\u021binutului publicat pe site<\/strong>.<\/p><p>\u00centregul con\u0163inut al site-ului www.crestemsicalatorim.com este proprietatea Societ\u0103\u0163ii \u015fi a furnizorilor s\u0103i, \u015fi este ap\u0103rat de legea pentru protec\u0163ia drepturilor de autor (Legea nr 8\/1996).<\/p><p>Folosirea f\u0103r\u0103 acordul Societ\u0103\u0163ii, a oric\u0103ror elemente enumerate mai sus, se pedepse\u015fte \u00een conformitate cu legile \u00een vigoare (administrativ, civil sau penal).<\/p><p>Astfel, sunt interzise \u00een mod expres: accesarea site-ului www.crestemsicalatorim.com de c\u0103tre dispozitive sau programe automate sau copierea manual\u0103 a con\u0163inutului, precum \u015fi citirea sau publicarea con\u0163inutului de c\u0103tre alte companii sau site-uri, pentru a face compara\u0163ie sau analiz\u0103 \u00een vreun fel.<\/p><p><strong>Produsele oferite. Pre\u0163uri<\/strong><\/p><p>Toate preturile afi\u0219ate pe site sunt exprimate \u00een RON. Pre\u021burile sunt finale. Ele nu includ cheltuielile de livrare, \u00een afara cazului \u00een care se specific\u0103 \u00een alt mod, pe site.<\/p><p>\u00cen cazul unor promo\u0163ii sau a unor oferte speciale derulate \u00een magazinul online crestemsicalatorim.com, clien\u0163ilor li se vor pune la dispozi\u0163ie condi\u0163iile \u015fi perioada de desf\u0103\u015furare a acestora.<\/p><p><strong>Plata produselor<\/strong><\/p><p>Plata produselor comandate pe crestemsicalatorim.com se poate efectua la livrare sau \u00een avans.<\/p><p><strong>Modalit\u0103\u0163i de plat\u0103<\/strong><\/p><p>1. Ramburs prin curier: plata contravalorii facturii fiscale la livrarea coletului de c\u0103tre curier.<\/p><p>2. Online cu cardul: tranzac\u021bia este procesat\u0103 de o companie ter\u0163\u0103, Euplatesc, specializat\u0103 \u00een pl\u0103\u0163ile online securizate. \u00cen cazul \u00een care a\u0163i selectat aceast\u0103 metod\u0103 de plat\u0103, datele personale nu sunt vizualizate sau stocate \u00een niciun fel de c\u0103tre littlebandit.ro.<\/p><p>Plata se poate efectua online, cu cardul personal sau al firmei dumneavoastr\u0103. Cardurile acceptate la plat\u0103 sunt cele emise sub siglele VISA (Classic \u015fi Electron) \u015fi MASTERCARD (inclusiv Maestro, dac\u0103 au cod CVV2\/CVC2). <\/p><p>Nu este perceput niciun comision suplimentar pentru tranzac\u0163ii.<\/p><p>Procesarea datelor de pe card se face \u00een mod exclusiv de c\u0103tre EuPlatesc. Magazinul online crestemsicalatorim.com nu solicit\u0103 \u015fi nu stocheaz\u0103 niciun fel de detalii referitoare la cardul dumneavoastr\u0103.<\/p><p><strong>Livrarea produselor<\/strong><\/p><p>Crestem si Calatorim asigur\u0103 livrarea comenzilor plasate doar la adrese de pe teritoriul Rom\u00e2niei.<\/p><p>Livrarea produselor se face prin firmele de curierat FanCurier, DPD, Nemo Express, BooKurier sau altii.<\/p><p>Pentru comenzi mai mari de 300 RON transportul este GRATUIT prin curier, cu exceptia comenzilor cu plata ramburs, pentru care este perceputa o taxa de livrare de 22 de ron, indiferent de valoarea comenzii.<\/p><p>Ve\u021bi primi coletul \u00een aproximativ 2-3 zile lucr\u0103toare de la plasarea comenzii. <\/p><p><strong>Garan\u0163ia \u0219i returul produselor<\/strong><\/p><p>Termenul de returnare al produselor comandate online este de 14 de zile lucr\u0103toare, conform legii.<\/p><p>Cump\u0103r\u0103torul trebuie s\u0103 notifice \u00een scris (<a href=\"mailto:hello@littlebandit.ro\">contact@crestemsicalatorim.com<\/a>) comerciantului c\u0103 renun\u021b\u0103 s\u0103 cumpere, f\u0103r\u0103 penalit\u0103\u021bi \u015fi f\u0103r\u0103 invocarea vreunui motiv, \u00een termen de maxim 10 zile lucr\u0103toare de la primirea produsului.<\/p><p>Gasiti toate conditiile de returnare pe pagina cu<a href=\"https:\/\/www.crestemsicalatorim.com\/index.php\/politica-de-retur\/\"> Politica de Returnare a produselor.<\/a><\/p><p><strong>Politica de Confiden\u0163ialitate<\/strong><\/p><p>Puteti consulta <a href=\"https:\/\/www.crestemsicalatorim.com\/index.php\/politica-de-retur\/\">Politica de Confidentialitate pe pagina dedicata acesteia<\/a>. Accesul acestui site de c\u0103tre dumneavoastr\u0103 se supune Politicii de confiden\u0163ialitate \u015fi implic\u0103 acceptul dumneavoastr\u0103 cu privire la aceasta, reprezent\u00e2nd o \u00een\u0163elegere \u00eentre p\u0103r\u0163i.<\/p><p><strong>Declinarea responsabilit\u0103\u0163ii<\/strong><\/p><p>\u00cen eventualitatea \u00een care pre\u0163ul produsului sau unele caracteristici ale acestuia au fost gre\u015fit introduse \u00een bazele noastre de date sau afi\u015fate gre\u015fit, iar livrarea nu s-a efectuat \u00eenc\u0103, societatea \u00ee\u015fi aloc\u0103 dreptul de a anula livrarea respectivului produs \u015fi de a anun\u0163a clientul \u00een cel mai scurt timp despre eroarea ap\u0103rut\u0103.<\/p><p>Produsele se livreaz\u0103 \u00een limita stocului disponibil. \u00cen cazul \u00een care unul sau mai multe dintre produsele comandate nu se mai afl\u0103 pe stoc ve\u0163i fi \u00een\u015ftiin\u0163at \u00een acest sens. Nu ne asum\u0103m responsabilitea pentru erorile de sistem care pot influen\u0163a stocul sau pre\u0163ul articolelor. \u00cen cazul \u00een care observa\u0163i erori de sistem v\u0103 rug\u0103m s\u0103 ne contacta\u0163i pentru a putea remedia problemele \u00een cel mai scurt timp posibil.<\/p><p>De asemenea, imaginile sunt prezentate pe site cu titlu de exemplu, iar produsele livrate pot diferi de imagini \u00een orice mod, datorit\u0103 modific\u0103rii caracteristicilor, design-ului, f\u0103r\u0103 o notificare prealabil\u0103 de c\u0103tre produc\u0103tori.<br>Valoarea maxim\u0103 a obliga\u0163iilor Societ\u0103\u0163ii, fa\u0163\u0103 de orice client, \u00een cazul nelivr\u0103rii sau livr\u0103rii necorespunz\u0103toare, este valoarea sumelor \u00eencasate de Societate de la clientul respectiv.<\/p><p><strong>Litigii<\/strong><\/p><p>Orice conflict ap\u0103rut \u00eentre S.C. Crestem si Calatorim S.R.L \u015fi clien\u0163i se \u00eencearc\u0103 a fi rezolvat pe cale amiabil\u0103 prin \u00een\u021belegerea dintre cele dou\u0103 p\u0103r\u0163i. \u00cen cazul \u00een care acest lucru nu este posibil se vor aplica prevederile legale rom\u00e2ne\u015fti din acest domeniu, iar solu\u0163ionarea conflictelor este de competen\u0163a instan\u0163elor rom\u00e2ne\u015fti sau unui organism alternativ de rezolvare a disputelor, agreat de ambele p\u0103r\u021bi.<\/p>","protected":false},"excerpt":{"rendered":"<p>Magazinul online crestemsicalatorim.com este proprietatea S.C. Crestem si Calatorim S.R.L. cu sediul \u00een Voluntari, str. George Bacovia nr 9D, jude\u021bul Ilfov, \u00eenregistrat\u0103 la Registrul Comer\u0163ului sub nr. J23\/2410\/25.06.2020, C.U.I: 42685325 \u0219i denumit\u0103 \u00een continuare \u201cSocietatea\u201d. Folosirea acestui site implic\u0103 acceptarea termenilor \u015fi condi\u0163iilor de mai jos. Crestem si Calatorim SRL \u00ee\u015fi rezerv\u0103 dreptul de a [&hellip;]<\/p>\n","protected":false},"author":1,"featured_media":0,"parent":0,"menu_order":0,"comment_status":"closed","ping_status":"closed","template":"","meta":{"_et_pb_use_builder":"","_et_pb_old_content":"","_et_gb_content_width":"","_exactmetrics_skip_tracking":false,"_exactmetrics_sitenote_active":false,"_exactmetrics_sitenote_note":"","_exactmetrics_sitenote_category":0,"jetpack_post_was_ever_published":false,"footnotes":""},"class_list":["post-39938","page","type-page","status-publish","hentry"],"yoast_head":"<!-- This site is optimized with the Yoast SEO plugin v24.1 - https:\/\/yoast.com\/wordpress\/plugins\/seo\/ -->\n<title>Termeni si Conditii - Crestem si Calatorim<\/title>\n<meta name=\"robots\" content=\"index, follow, max-snippet:-1, max-image-preview:large, max-video-preview:-1\" \/>\n<link rel=\"canonical\" href=\"https:\/\/www.crestemsicalatorim.com\/index.php\/termeni-si-conditii\/\" \/>\n<meta property=\"og:locale\" content=\"ro_RO\" \/>\n<meta property=\"og:type\" content=\"article\" \/>\n<meta property=\"og:title\" content=\"Termeni si Conditii - Crestem si Calatorim\" \/>\n<meta property=\"og:description\" content=\"Magazinul online crestemsicalatorim.com este proprietatea S.C. Crestem si Calatorim S.R.L. cu sediul \u00een Voluntari, str. George Bacovia nr 9D, jude\u021bul Ilfov, \u00eenregistrat\u0103 la Registrul Comer\u0163ului sub nr. J23\/2410\/25.06.2020, C.U.I: 42685325 \u0219i denumit\u0103 \u00een continuare \u201cSocietatea\u201d. Folosirea acestui site implic\u0103 acceptarea termenilor \u015fi condi\u0163iilor de mai jos. Crestem si Calatorim SRL \u00ee\u015fi rezerv\u0103 dreptul de a [&hellip;]\" \/>\n<meta property=\"og:url\" content=\"https:\/\/www.crestemsicalatorim.com\/index.php\/termeni-si-conditii\/\" \/>\n<meta property=\"og:site_name\" content=\"Crestem si Calatorim\" \/>\n<meta property=\"article:publisher\" content=\"https:\/\/web.facebook.com\/crestemsicalatorim\/\" \/>\n<meta property=\"article:modified_time\" content=\"2021-09-16T11:06:35+00:00\" \/>\n<meta name=\"twitter:card\" content=\"summary_large_image\" \/>\n<meta name=\"twitter:label1\" content=\"Timp estimat pentru citire\" \/>\n\t<meta name=\"twitter:data1\" content=\"5 minute\" \/>\n<script type=\"application\/ld+json\" class=\"yoast-schema-graph\">{\"@context\":\"https:\/\/schema.org\",\"@graph\":[{\"@type\":\"WebPage\",\"@id\":\"https:\/\/www.crestemsicalatorim.com\/index.php\/termeni-si-conditii\/\",\"url\":\"https:\/\/www.crestemsicalatorim.com\/index.php\/termeni-si-conditii\/\",\"name\":\"Termeni si Conditii - Crestem si Calatorim\",\"isPartOf\":{\"@id\":\"https:\/\/www.crestemsicalatorim.com\/#website\"},\"datePublished\":\"2021-09-16T11:05:56+00:00\",\"dateModified\":\"2021-09-16T11:06:35+00:00\",\"breadcrumb\":{\"@id\":\"https:\/\/www.crestemsicalatorim.com\/index.php\/termeni-si-conditii\/#breadcrumb\"},\"inLanguage\":\"ro-RO\",\"potentialAction\":[{\"@type\":\"ReadAction\",\"target\":[\"https:\/\/www.crestemsicalatorim.com\/index.php\/termeni-si-conditii\/\"]}]},{\"@type\":\"BreadcrumbList\",\"@id\":\"https:\/\/www.crestemsicalatorim.com\/index.php\/termeni-si-conditii\/#breadcrumb\",\"itemListElement\":[{\"@type\":\"ListItem\",\"position\":1,\"name\":\"Home\",\"item\":\"https:\/\/www.crestemsicalatorim.com\/\"},{\"@type\":\"ListItem\",\"position\":2,\"name\":\"Termeni si Conditii\"}]},{\"@type\":\"WebSite\",\"@id\":\"https:\/\/www.crestemsicalatorim.com\/#website\",\"url\":\"https:\/\/www.crestemsicalatorim.com\/\",\"name\":\"Crestem si Calatorim\",\"description\":\"Blog despre calatorii cu copii\",\"potentialAction\":[{\"@type\":\"SearchAction\",\"target\":{\"@type\":\"EntryPoint\",\"urlTemplate\":\"https:\/\/www.crestemsicalatorim.com\/?s={search_term_string}\"},\"query-input\":{\"@type\":\"PropertyValueSpecification\",\"valueRequired\":true,\"valueName\":\"search_term_string\"}}],\"inLanguage\":\"ro-RO\"}]}<\/script>\n<!-- \/ Yoast SEO plugin. -->","yoast_head_json":{"title":"Termeni si Conditii - Crestem si Calatorim","robots":{"index":"index","follow":"follow","max-snippet":"max-snippet:-1","max-image-preview":"max-image-preview:large","max-video-preview":"max-video-preview:-1"},"canonical":"https:\/\/www.crestemsicalatorim.com\/index.php\/termeni-si-conditii\/","og_locale":"ro_RO","og_type":"article","og_title":"Termeni si Conditii - Crestem si Calatorim","og_description":"Magazinul online crestemsicalatorim.com este proprietatea S.C. Crestem si Calatorim S.R.L. cu sediul \u00een Voluntari, str. George Bacovia nr 9D, jude\u021bul Ilfov, \u00eenregistrat\u0103 la Registrul Comer\u0163ului sub nr. J23\/2410\/25.06.2020, C.U.I: 42685325 \u0219i denumit\u0103 \u00een continuare \u201cSocietatea\u201d. Folosirea acestui site implic\u0103 acceptarea termenilor \u015fi condi\u0163iilor de mai jos. Crestem si Calatorim SRL \u00ee\u015fi rezerv\u0103 dreptul de a [&hellip;]","og_url":"https:\/\/www.crestemsicalatorim.com\/index.php\/termeni-si-conditii\/","og_site_name":"Crestem si Calatorim","article_publisher":"https:\/\/web.facebook.com\/crestemsicalatorim\/","article_modified_time":"2021-09-16T11:06:35+00:00","twitter_card":"summary_large_image","twitter_misc":{"Timp estimat pentru citire":"5 minute"},"schema":{"@context":"https:\/\/schema.org","@graph":[{"@type":"WebPage","@id":"https:\/\/www.crestemsicalatorim.com\/index.php\/termeni-si-conditii\/","url":"https:\/\/www.crestemsicalatorim.com\/index.php\/termeni-si-conditii\/","name":"Termeni si Conditii - Crestem si Calatorim","isPartOf":{"@id":"https:\/\/www.crestemsicalatorim.com\/#website"},"datePublished":"2021-09-16T11:05:56+00:00","dateModified":"2021-09-16T11:06:35+00:00","breadcrumb":{"@id":"https:\/\/www.crestemsicalatorim.com\/index.php\/termeni-si-conditii\/#breadcrumb"},"inLanguage":"ro-RO","potentialAction":[{"@type":"ReadAction","target":["https:\/\/www.crestemsicalatorim.com\/index.php\/termeni-si-conditii\/"]}]},{"@type":"BreadcrumbList","@id":"https:\/\/www.crestemsicalatorim.com\/index.php\/termeni-si-conditii\/#breadcrumb","itemListElement":[{"@type":"ListItem","position":1,"name":"Home","item":"https:\/\/www.crestemsicalatorim.com\/"},{"@type":"ListItem","position":2,"name":"Termeni si Conditii"}]},{"@type":"WebSite","@id":"https:\/\/www.crestemsicalatorim.com\/#website","url":"https:\/\/www.crestemsicalatorim.com\/","name":"Crestem si Calatorim","description":"Blog despre calatorii cu copii","potentialAction":[{"@type":"SearchAction","target":{"@type":"EntryPoint","urlTemplate":"https:\/\/www.crestemsicalatorim.com\/?s={search_term_string}"},"query-input":{"@type":"PropertyValueSpecification","valueRequired":true,"valueName":"search_term_string"}}],"inLanguage":"ro-RO"}]}},"jetpack_sharing_enabled":true,"jetpack_shortlink":"https:\/\/wp.me\/P8SvUo-aoa","jetpack-related-posts":[],"_links":{"self":[{"href":"https:\/\/www.crestemsicalatorim.com\/index.php\/wp-json\/wp\/v2\/pages\/39938","targetHints":{"allow":["GET"]}}],"collection":[{"href":"https:\/\/www.crestemsicalatorim.com\/index.php\/wp-json\/wp\/v2\/pages"}],"about":[{"href":"https:\/\/www.crestemsicalatorim.com\/index.php\/wp-json\/wp\/v2\/types\/page"}],"author":[{"embeddable":true,"href":"https:\/\/www.crestemsicalatorim.com\/index.php\/wp-json\/wp\/v2\/users\/1"}],"replies":[{"embeddable":true,"href":"https:\/\/www.crestemsicalatorim.com\/index.php\/wp-json\/wp\/v2\/comments?post=39938"}],"version-history":[{"count":2,"href":"https:\/\/www.crestemsicalatorim.com\/index.php\/wp-json\/wp\/v2\/pages\/39938\/revisions"}],"predecessor-version":[{"id":39941,"href":"https:\/\/www.crestemsicalatorim.com\/index.php\/wp-json\/wp\/v2\/pages\/39938\/revisions\/39941"}],"wp:attachment":[{"href":"https:\/\/www.crestemsicalatorim.com\/index.php\/wp-json\/wp\/v2\/media?parent=39938"}],"curies":[{"name":"wp","href":"https:\/\/api.w.org\/{rel}","templated":true}]}}