{"id":39549,"date":"2021-08-04T11:55:19","date_gmt":"2021-08-04T11:55:19","guid":{"rendered":"https:\/\/www.crestemsicalatorim.com\/?post_type=product&#038;p=39549"},"modified":"2026-04-08T13:45:04","modified_gmt":"2026-04-08T13:45:04","slug":"walkie-talkies-pentru-copii","status":"publish","type":"product","link":"https:\/\/www.crestemsicalatorim.com\/index.php\/product\/walkie-talkies-pentru-copii\/","title":{"rendered":"Walkie-talkies pentru copii (set de 2)"},"content":{"rendered":"<p>Descoper\u0103 lumea aventurilor cu <strong>walkie talkie-urile super distractive pentru copii<\/strong>! Aceste dispozitive adorabile le permit celor mici s\u0103 comunice la distan\u021b\u0103, transform\u00e2nd fiecare zi \u00eentr-o nou\u0103 aventur\u0103 plin\u0103 de imagina\u021bie.<\/p>\n<p><strong>Micii exploratori, detectivi sau poli\u021bi\u0219ti<\/strong> se vor bucura de nenum\u0103rate ore de joac\u0103 creativ\u0103, invent\u00e2nd pove\u0219ti captivante \u0219i misiuni secrete cu ajutorul walkie talkie-urilor noastre. Fiecare set este conceput special pentru m\u00e2inile lor mici, fiind <strong>u\u0219or de utilizat \u0219i extrem de rezistent<\/strong> \u2013 chiar \u0219i atunci c\u00e2nd sunt sc\u0103pate pe jos, nu trebuie s\u0103 \u00ee\u021bi faci griji, pentru c\u0103 sunt create s\u0103 reziste la \u0219ocuri.<\/p>\n<p><img data-recalc-dims=\"1\" loading=\"lazy\" decoding=\"async\" data-attachment-id=\"39552\" data-permalink=\"https:\/\/www.crestemsicalatorim.com\/?attachment_id=39552\" data-orig-file=\"https:\/\/i0.wp.com\/www.crestemsicalatorim.com\/wp-content\/uploads\/2021\/08\/IMG-9863.jpg?fit=800%2C800&amp;ssl=1\" data-orig-size=\"800,800\" data-comments-opened=\"1\" data-image-meta=\"{&quot;aperture&quot;:&quot;0&quot;,&quot;credit&quot;:&quot;&quot;,&quot;camera&quot;:&quot;&quot;,&quot;caption&quot;:&quot;&quot;,&quot;created_timestamp&quot;:&quot;0&quot;,&quot;copyright&quot;:&quot;&quot;,&quot;focal_length&quot;:&quot;0&quot;,&quot;iso&quot;:&quot;0&quot;,&quot;shutter_speed&quot;:&quot;0&quot;,&quot;title&quot;:&quot;&quot;,&quot;orientation&quot;:&quot;1&quot;}\" data-image-title=\"IMG-9863\" data-image-description=\"\" data-image-caption=\"\" data-medium-file=\"https:\/\/i0.wp.com\/www.crestemsicalatorim.com\/wp-content\/uploads\/2021\/08\/IMG-9863.jpg?fit=300%2C300&amp;ssl=1\" data-large-file=\"https:\/\/i0.wp.com\/www.crestemsicalatorim.com\/wp-content\/uploads\/2021\/08\/IMG-9863.jpg?fit=800%2C800&amp;ssl=1\" class=\"aligncenter size-full wp-image-39552\" src=\"https:\/\/i0.wp.com\/www.crestemsicalatorim.com\/wp-content\/uploads\/2021\/08\/IMG-9863.jpg?resize=800%2C800&#038;ssl=1\" alt=\"\" width=\"800\" height=\"800\" srcset=\"https:\/\/i0.wp.com\/www.crestemsicalatorim.com\/wp-content\/uploads\/2021\/08\/IMG-9863.jpg?w=800&amp;ssl=1 800w, https:\/\/i0.wp.com\/www.crestemsicalatorim.com\/wp-content\/uploads\/2021\/08\/IMG-9863.jpg?resize=300%2C300&amp;ssl=1 300w, https:\/\/i0.wp.com\/www.crestemsicalatorim.com\/wp-content\/uploads\/2021\/08\/IMG-9863.jpg?resize=150%2C150&amp;ssl=1 150w, https:\/\/i0.wp.com\/www.crestemsicalatorim.com\/wp-content\/uploads\/2021\/08\/IMG-9863.jpg?resize=768%2C768&amp;ssl=1 768w, https:\/\/i0.wp.com\/www.crestemsicalatorim.com\/wp-content\/uploads\/2021\/08\/IMG-9863.jpg?resize=600%2C600&amp;ssl=1 600w, https:\/\/i0.wp.com\/www.crestemsicalatorim.com\/wp-content\/uploads\/2021\/08\/IMG-9863.jpg?resize=100%2C100&amp;ssl=1 100w, https:\/\/i0.wp.com\/www.crestemsicalatorim.com\/wp-content\/uploads\/2021\/08\/IMG-9863.jpg?resize=120%2C120&amp;ssl=1 120w\" sizes=\"auto, (max-width: 800px) 100vw, 800px\" \/><\/p>\n<p><img data-recalc-dims=\"1\" loading=\"lazy\" decoding=\"async\" data-attachment-id=\"39554\" data-permalink=\"https:\/\/www.crestemsicalatorim.com\/?attachment_id=39554\" data-orig-file=\"https:\/\/i0.wp.com\/www.crestemsicalatorim.com\/wp-content\/uploads\/2021\/08\/IMG-9892.jpg?fit=1242%2C797&amp;ssl=1\" data-orig-size=\"1242,797\" data-comments-opened=\"1\" data-image-meta=\"{&quot;aperture&quot;:&quot;0&quot;,&quot;credit&quot;:&quot;&quot;,&quot;camera&quot;:&quot;&quot;,&quot;caption&quot;:&quot;&quot;,&quot;created_timestamp&quot;:&quot;0&quot;,&quot;copyright&quot;:&quot;&quot;,&quot;focal_length&quot;:&quot;0&quot;,&quot;iso&quot;:&quot;0&quot;,&quot;shutter_speed&quot;:&quot;0&quot;,&quot;title&quot;:&quot;&quot;,&quot;orientation&quot;:&quot;1&quot;}\" data-image-title=\"IMG-9892\" data-image-description=\"\" data-image-caption=\"\" data-medium-file=\"https:\/\/i0.wp.com\/www.crestemsicalatorim.com\/wp-content\/uploads\/2021\/08\/IMG-9892.jpg?fit=300%2C193&amp;ssl=1\" data-large-file=\"https:\/\/i0.wp.com\/www.crestemsicalatorim.com\/wp-content\/uploads\/2021\/08\/IMG-9892.jpg?fit=1024%2C657&amp;ssl=1\" class=\"aligncenter size-large wp-image-39554\" src=\"https:\/\/i0.wp.com\/www.crestemsicalatorim.com\/wp-content\/uploads\/2021\/08\/IMG-9892.jpg?resize=1024%2C657&#038;ssl=1\" alt=\"\" width=\"1024\" height=\"657\" srcset=\"https:\/\/i0.wp.com\/www.crestemsicalatorim.com\/wp-content\/uploads\/2021\/08\/IMG-9892.jpg?resize=1024%2C657&amp;ssl=1 1024w, https:\/\/i0.wp.com\/www.crestemsicalatorim.com\/wp-content\/uploads\/2021\/08\/IMG-9892.jpg?resize=300%2C193&amp;ssl=1 300w, https:\/\/i0.wp.com\/www.crestemsicalatorim.com\/wp-content\/uploads\/2021\/08\/IMG-9892.jpg?resize=768%2C493&amp;ssl=1 768w, https:\/\/i0.wp.com\/www.crestemsicalatorim.com\/wp-content\/uploads\/2021\/08\/IMG-9892.jpg?resize=600%2C385&amp;ssl=1 600w, https:\/\/i0.wp.com\/www.crestemsicalatorim.com\/wp-content\/uploads\/2021\/08\/IMG-9892.jpg?w=1242&amp;ssl=1 1242w\" sizes=\"auto, (max-width: 1024px) 100vw, 1024px\" \/><\/p>\n<p>\u00cen plus, fiecare walkie talkie este dotat cu o <strong>lantern\u0103 integrat\u0103<\/strong>, perfect\u0103 pentru micii exploratori care vor s\u0103 investigheze \u0219i cele mai \u00eentunecate col\u021buri!<\/p>\n<p><img data-recalc-dims=\"1\" loading=\"lazy\" decoding=\"async\" data-attachment-id=\"39551\" data-permalink=\"https:\/\/www.crestemsicalatorim.com\/?attachment_id=39551\" data-orig-file=\"https:\/\/i0.wp.com\/www.crestemsicalatorim.com\/wp-content\/uploads\/2021\/08\/IMG-9862.jpg?fit=790%2C833&amp;ssl=1\" data-orig-size=\"790,833\" data-comments-opened=\"1\" data-image-meta=\"{&quot;aperture&quot;:&quot;0&quot;,&quot;credit&quot;:&quot;&quot;,&quot;camera&quot;:&quot;&quot;,&quot;caption&quot;:&quot;&quot;,&quot;created_timestamp&quot;:&quot;0&quot;,&quot;copyright&quot;:&quot;&quot;,&quot;focal_length&quot;:&quot;0&quot;,&quot;iso&quot;:&quot;0&quot;,&quot;shutter_speed&quot;:&quot;0&quot;,&quot;title&quot;:&quot;&quot;,&quot;orientation&quot;:&quot;1&quot;}\" data-image-title=\"IMG-9862\" data-image-description=\"\" data-image-caption=\"\" data-medium-file=\"https:\/\/i0.wp.com\/www.crestemsicalatorim.com\/wp-content\/uploads\/2021\/08\/IMG-9862.jpg?fit=285%2C300&amp;ssl=1\" data-large-file=\"https:\/\/i0.wp.com\/www.crestemsicalatorim.com\/wp-content\/uploads\/2021\/08\/IMG-9862.jpg?fit=790%2C833&amp;ssl=1\" class=\"aligncenter size-full wp-image-39551\" src=\"https:\/\/i0.wp.com\/www.crestemsicalatorim.com\/wp-content\/uploads\/2021\/08\/IMG-9862.jpg?resize=790%2C833&#038;ssl=1\" alt=\"\" width=\"790\" height=\"833\" srcset=\"https:\/\/i0.wp.com\/www.crestemsicalatorim.com\/wp-content\/uploads\/2021\/08\/IMG-9862.jpg?w=790&amp;ssl=1 790w, https:\/\/i0.wp.com\/www.crestemsicalatorim.com\/wp-content\/uploads\/2021\/08\/IMG-9862.jpg?resize=285%2C300&amp;ssl=1 285w, https:\/\/i0.wp.com\/www.crestemsicalatorim.com\/wp-content\/uploads\/2021\/08\/IMG-9862.jpg?resize=768%2C810&amp;ssl=1 768w, https:\/\/i0.wp.com\/www.crestemsicalatorim.com\/wp-content\/uploads\/2021\/08\/IMG-9862.jpg?resize=600%2C633&amp;ssl=1 600w\" sizes=\"auto, (max-width: 790px) 100vw, 790px\" \/><\/p>\n<p>Cu o <strong>acoperire impresionant\u0103 de p\u00e2n\u0103 la 3 kilometri<\/strong>, f\u0103r\u0103 obstacole, copiii vor putea p\u0103stra leg\u0103tura indiferent c\u00e2t de departe ajung \u00een misiunile lor!<\/p>\n<p>Fiecare cutie con\u021bine <strong>2 walkie talkie-uri colorate \u0219i rezistente<\/strong>, gata s\u0103 transforme joaca \u00eentr-o adev\u0103rat\u0103 aventur\u0103!<\/p>\n<p>Dimensiuni:<\/p>\n<ul>\n<li>inaltime: 13,15 mm<\/li>\n<li>latime: 5,75 cm<\/li>\n<li>adancime: 3,75 cm<\/li>\n<li>greutate: 305 gr<\/li>\n<\/ul>\n<p><img data-recalc-dims=\"1\" loading=\"lazy\" decoding=\"async\" data-attachment-id=\"39553\" data-permalink=\"https:\/\/www.crestemsicalatorim.com\/?attachment_id=39553\" data-orig-file=\"https:\/\/i0.wp.com\/www.crestemsicalatorim.com\/wp-content\/uploads\/2021\/08\/IMG-9893.jpg?fit=1242%2C1739&amp;ssl=1\" data-orig-size=\"1242,1739\" data-comments-opened=\"1\" data-image-meta=\"{&quot;aperture&quot;:&quot;0&quot;,&quot;credit&quot;:&quot;&quot;,&quot;camera&quot;:&quot;&quot;,&quot;caption&quot;:&quot;&quot;,&quot;created_timestamp&quot;:&quot;0&quot;,&quot;copyright&quot;:&quot;&quot;,&quot;focal_length&quot;:&quot;0&quot;,&quot;iso&quot;:&quot;0&quot;,&quot;shutter_speed&quot;:&quot;0&quot;,&quot;title&quot;:&quot;&quot;,&quot;orientation&quot;:&quot;1&quot;}\" data-image-title=\"IMG-9893\" data-image-description=\"\" data-image-caption=\"\" data-medium-file=\"https:\/\/i0.wp.com\/www.crestemsicalatorim.com\/wp-content\/uploads\/2021\/08\/IMG-9893.jpg?fit=214%2C300&amp;ssl=1\" data-large-file=\"https:\/\/i0.wp.com\/www.crestemsicalatorim.com\/wp-content\/uploads\/2021\/08\/IMG-9893.jpg?fit=731%2C1024&amp;ssl=1\" class=\"aligncenter size-large wp-image-39553\" src=\"https:\/\/i0.wp.com\/www.crestemsicalatorim.com\/wp-content\/uploads\/2021\/08\/IMG-9893.jpg?resize=731%2C1024&#038;ssl=1\" alt=\"\" width=\"731\" height=\"1024\" srcset=\"https:\/\/i0.wp.com\/www.crestemsicalatorim.com\/wp-content\/uploads\/2021\/08\/IMG-9893.jpg?resize=731%2C1024&amp;ssl=1 731w, https:\/\/i0.wp.com\/www.crestemsicalatorim.com\/wp-content\/uploads\/2021\/08\/IMG-9893.jpg?resize=214%2C300&amp;ssl=1 214w, https:\/\/i0.wp.com\/www.crestemsicalatorim.com\/wp-content\/uploads\/2021\/08\/IMG-9893.jpg?resize=768%2C1075&amp;ssl=1 768w, https:\/\/i0.wp.com\/www.crestemsicalatorim.com\/wp-content\/uploads\/2021\/08\/IMG-9893.jpg?resize=1097%2C1536&amp;ssl=1 1097w, https:\/\/i0.wp.com\/www.crestemsicalatorim.com\/wp-content\/uploads\/2021\/08\/IMG-9893.jpg?resize=600%2C840&amp;ssl=1 600w, https:\/\/i0.wp.com\/www.crestemsicalatorim.com\/wp-content\/uploads\/2021\/08\/IMG-9893.jpg?w=1242&amp;ssl=1 1242w\" sizes=\"auto, (max-width: 731px) 100vw, 731px\" \/><\/p>\n<p>Atentie: produsul necesita baterii (cate 4 baterii AAA), care nu sunt incluse.<\/p>\n<p>Transportul este gratuit la comenzi peste 300 ron.<\/p>\n<p>&nbsp;<\/p>\n","protected":false},"excerpt":{"rendered":"<p>Walkie talkies super dragute pentru copii, prin care cei mici pot comunica la distanta.<\/p>\n<p>Copiii pot deveni detectivi, politisti sau exploratori, participand la foarte multe jocuri creative cu ajutorul noilor lor walkie talkies.<\/p>\n<p>Walkie talkie-urile noastre sunt colorate si usor de folosit, si sunt si rezistente la socuri (cei mici pot da linistiti cu ele de pamant, nu se vor sparge).<\/p>\n<p>Au si o lanterna super draguta pentru micii exploratori.<\/p>\n<p>&nbsp;<\/p>\n","protected":false},"featured_media":39550,"comment_status":"open","ping_status":"closed","template":"","meta":{"_et_pb_use_builder":"","_et_pb_old_content":"","_et_gb_content_width":"","_exactmetrics_skip_tracking":false,"_exactmetrics_sitenote_active":false,"_exactmetrics_sitenote_note":"","_exactmetrics_sitenote_category":0,"jetpack_post_was_ever_published":false},"product_cat":[36,91],"product_tag":[],"class_list":{"0":"post-39549","1":"product","2":"type-product","3":"status-publish","4":"has-post-thumbnail","6":"product_cat-shop","7":"product_cat-shop-1","9":"first","10":"instock","11":"sale","12":"taxable","13":"shipping-taxable","14":"purchasable","15":"product-type-simple"},"yoast_head":"<!-- This site is optimized with the Yoast SEO plugin v24.1 - https:\/\/yoast.com\/wordpress\/plugins\/seo\/ -->\n<title>Walkie-talkies pentru copii (set de 2) - Crestem si Calatorim<\/title>\n<meta name=\"robots\" content=\"index, follow, max-snippet:-1, max-image-preview:large, max-video-preview:-1\" \/>\n<link rel=\"canonical\" href=\"https:\/\/www.crestemsicalatorim.com\/index.php\/product\/walkie-talkies-pentru-copii\/\" \/>\n<meta property=\"og:locale\" content=\"ro_RO\" \/>\n<meta property=\"og:type\" content=\"article\" \/>\n<meta property=\"og:title\" content=\"Walkie-talkies pentru copii (set de 2) - Crestem si Calatorim\" \/>\n<meta property=\"og:description\" content=\"Walkie talkies super dragute pentru copii, prin care cei mici pot comunica la distanta.  Copiii pot deveni detectivi, politisti sau exploratori, participand la foarte multe jocuri creative cu ajutorul noilor lor walkie talkies.  Walkie talkie-urile noastre sunt colorate si usor de folosit, si sunt si rezistente la socuri (cei mici pot da linistiti cu ele de pamant, nu se vor sparge).  Au si o lanterna super draguta pentru micii exploratori.  &nbsp;\" \/>\n<meta property=\"og:url\" content=\"https:\/\/www.crestemsicalatorim.com\/index.php\/product\/walkie-talkies-pentru-copii\/\" \/>\n<meta property=\"og:site_name\" content=\"Crestem si Calatorim\" \/>\n<meta property=\"article:publisher\" content=\"https:\/\/web.facebook.com\/crestemsicalatorim\/\" \/>\n<meta property=\"article:modified_time\" content=\"2026-04-08T13:45:04+00:00\" \/>\n<meta property=\"og:image\" content=\"https:\/\/i0.wp.com\/www.crestemsicalatorim.com\/wp-content\/uploads\/2021\/08\/IMG-9869.jpg?fit=1242%2C1219&ssl=1\" \/>\n\t<meta property=\"og:image:width\" content=\"1242\" \/>\n\t<meta property=\"og:image:height\" content=\"1219\" \/>\n\t<meta property=\"og:image:type\" content=\"image\/jpeg\" \/>\n<meta name=\"twitter:card\" content=\"summary_large_image\" \/>\n<meta name=\"twitter:label1\" content=\"Timp estimat pentru citire\" \/>\n\t<meta name=\"twitter:data1\" content=\"1 minut\" \/>\n<script type=\"application\/ld+json\" class=\"yoast-schema-graph\">{\"@context\":\"https:\/\/schema.org\",\"@graph\":[{\"@type\":\"WebPage\",\"@id\":\"https:\/\/www.crestemsicalatorim.com\/index.php\/product\/walkie-talkies-pentru-copii\/\",\"url\":\"https:\/\/www.crestemsicalatorim.com\/index.php\/product\/walkie-talkies-pentru-copii\/\",\"name\":\"Walkie-talkies pentru copii (set de 2) - Crestem si Calatorim\",\"isPartOf\":{\"@id\":\"https:\/\/www.crestemsicalatorim.com\/#website\"},\"primaryImageOfPage\":{\"@id\":\"https:\/\/www.crestemsicalatorim.com\/index.php\/product\/walkie-talkies-pentru-copii\/#primaryimage\"},\"image\":{\"@id\":\"https:\/\/www.crestemsicalatorim.com\/index.php\/product\/walkie-talkies-pentru-copii\/#primaryimage\"},\"thumbnailUrl\":\"https:\/\/i0.wp.com\/www.crestemsicalatorim.com\/wp-content\/uploads\/2021\/08\/IMG-9869.jpg?fit=1242%2C1219&ssl=1\",\"datePublished\":\"2021-08-04T11:55:19+00:00\",\"dateModified\":\"2026-04-08T13:45:04+00:00\",\"breadcrumb\":{\"@id\":\"https:\/\/www.crestemsicalatorim.com\/index.php\/product\/walkie-talkies-pentru-copii\/#breadcrumb\"},\"inLanguage\":\"ro-RO\",\"potentialAction\":[{\"@type\":\"ReadAction\",\"target\":[\"https:\/\/www.crestemsicalatorim.com\/index.php\/product\/walkie-talkies-pentru-copii\/\"]}]},{\"@type\":\"ImageObject\",\"inLanguage\":\"ro-RO\",\"@id\":\"https:\/\/www.crestemsicalatorim.com\/index.php\/product\/walkie-talkies-pentru-copii\/#primaryimage\",\"url\":\"https:\/\/i0.wp.com\/www.crestemsicalatorim.com\/wp-content\/uploads\/2021\/08\/IMG-9869.jpg?fit=1242%2C1219&ssl=1\",\"contentUrl\":\"https:\/\/i0.wp.com\/www.crestemsicalatorim.com\/wp-content\/uploads\/2021\/08\/IMG-9869.jpg?fit=1242%2C1219&ssl=1\",\"width\":1242,\"height\":1219},{\"@type\":\"BreadcrumbList\",\"@id\":\"https:\/\/www.crestemsicalatorim.com\/index.php\/product\/walkie-talkies-pentru-copii\/#breadcrumb\",\"itemListElement\":[{\"@type\":\"ListItem\",\"position\":1,\"name\":\"Home\",\"item\":\"https:\/\/www.crestemsicalatorim.com\/\"},{\"@type\":\"ListItem\",\"position\":2,\"name\":\"Shop\",\"item\":\"https:\/\/www.crestemsicalatorim.com\/index.php\/shop\/\"},{\"@type\":\"ListItem\",\"position\":3,\"name\":\"Walkie-talkies pentru copii (set de 2)\"}]},{\"@type\":\"WebSite\",\"@id\":\"https:\/\/www.crestemsicalatorim.com\/#website\",\"url\":\"https:\/\/www.crestemsicalatorim.com\/\",\"name\":\"Crestem si Calatorim\",\"description\":\"Blog despre calatorii cu copii\",\"potentialAction\":[{\"@type\":\"SearchAction\",\"target\":{\"@type\":\"EntryPoint\",\"urlTemplate\":\"https:\/\/www.crestemsicalatorim.com\/?s={search_term_string}\"},\"query-input\":{\"@type\":\"PropertyValueSpecification\",\"valueRequired\":true,\"valueName\":\"search_term_string\"}}],\"inLanguage\":\"ro-RO\"}]}<\/script>\n<!-- \/ Yoast SEO plugin. -->","yoast_head_json":{"title":"Walkie-talkies pentru copii (set de 2) - Crestem si Calatorim","robots":{"index":"index","follow":"follow","max-snippet":"max-snippet:-1","max-image-preview":"max-image-preview:large","max-video-preview":"max-video-preview:-1"},"canonical":"https:\/\/www.crestemsicalatorim.com\/index.php\/product\/walkie-talkies-pentru-copii\/","og_locale":"ro_RO","og_type":"article","og_title":"Walkie-talkies pentru copii (set de 2) - Crestem si Calatorim","og_description":"Walkie talkies super dragute pentru copii, prin care cei mici pot comunica la distanta.  Copiii pot deveni detectivi, politisti sau exploratori, participand la foarte multe jocuri creative cu ajutorul noilor lor walkie talkies.  Walkie talkie-urile noastre sunt colorate si usor de folosit, si sunt si rezistente la socuri (cei mici pot da linistiti cu ele de pamant, nu se vor sparge).  Au si o lanterna super draguta pentru micii exploratori.  &nbsp;","og_url":"https:\/\/www.crestemsicalatorim.com\/index.php\/product\/walkie-talkies-pentru-copii\/","og_site_name":"Crestem si Calatorim","article_publisher":"https:\/\/web.facebook.com\/crestemsicalatorim\/","article_modified_time":"2026-04-08T13:45:04+00:00","og_image":[{"width":1242,"height":1219,"url":"https:\/\/i0.wp.com\/www.crestemsicalatorim.com\/wp-content\/uploads\/2021\/08\/IMG-9869.jpg?fit=1242%2C1219&ssl=1","type":"image\/jpeg"}],"twitter_card":"summary_large_image","twitter_misc":{"Timp estimat pentru citire":"1 minut"},"schema":{"@context":"https:\/\/schema.org","@graph":[{"@type":"WebPage","@id":"https:\/\/www.crestemsicalatorim.com\/index.php\/product\/walkie-talkies-pentru-copii\/","url":"https:\/\/www.crestemsicalatorim.com\/index.php\/product\/walkie-talkies-pentru-copii\/","name":"Walkie-talkies pentru copii (set de 2) - Crestem si Calatorim","isPartOf":{"@id":"https:\/\/www.crestemsicalatorim.com\/#website"},"primaryImageOfPage":{"@id":"https:\/\/www.crestemsicalatorim.com\/index.php\/product\/walkie-talkies-pentru-copii\/#primaryimage"},"image":{"@id":"https:\/\/www.crestemsicalatorim.com\/index.php\/product\/walkie-talkies-pentru-copii\/#primaryimage"},"thumbnailUrl":"https:\/\/i0.wp.com\/www.crestemsicalatorim.com\/wp-content\/uploads\/2021\/08\/IMG-9869.jpg?fit=1242%2C1219&ssl=1","datePublished":"2021-08-04T11:55:19+00:00","dateModified":"2026-04-08T13:45:04+00:00","breadcrumb":{"@id":"https:\/\/www.crestemsicalatorim.com\/index.php\/product\/walkie-talkies-pentru-copii\/#breadcrumb"},"inLanguage":"ro-RO","potentialAction":[{"@type":"ReadAction","target":["https:\/\/www.crestemsicalatorim.com\/index.php\/product\/walkie-talkies-pentru-copii\/"]}]},{"@type":"ImageObject","inLanguage":"ro-RO","@id":"https:\/\/www.crestemsicalatorim.com\/index.php\/product\/walkie-talkies-pentru-copii\/#primaryimage","url":"https:\/\/i0.wp.com\/www.crestemsicalatorim.com\/wp-content\/uploads\/2021\/08\/IMG-9869.jpg?fit=1242%2C1219&ssl=1","contentUrl":"https:\/\/i0.wp.com\/www.crestemsicalatorim.com\/wp-content\/uploads\/2021\/08\/IMG-9869.jpg?fit=1242%2C1219&ssl=1","width":1242,"height":1219},{"@type":"BreadcrumbList","@id":"https:\/\/www.crestemsicalatorim.com\/index.php\/product\/walkie-talkies-pentru-copii\/#breadcrumb","itemListElement":[{"@type":"ListItem","position":1,"name":"Home","item":"https:\/\/www.crestemsicalatorim.com\/"},{"@type":"ListItem","position":2,"name":"Shop","item":"https:\/\/www.crestemsicalatorim.com\/index.php\/shop\/"},{"@type":"ListItem","position":3,"name":"Walkie-talkies pentru copii (set de 2)"}]},{"@type":"WebSite","@id":"https:\/\/www.crestemsicalatorim.com\/#website","url":"https:\/\/www.crestemsicalatorim.com\/","name":"Crestem si Calatorim","description":"Blog despre calatorii cu copii","potentialAction":[{"@type":"SearchAction","target":{"@type":"EntryPoint","urlTemplate":"https:\/\/www.crestemsicalatorim.com\/?s={search_term_string}"},"query-input":{"@type":"PropertyValueSpecification","valueRequired":true,"valueName":"search_term_string"}}],"inLanguage":"ro-RO"}]}},"jetpack_sharing_enabled":true,"jetpack-related-posts":[],"_links":{"self":[{"href":"https:\/\/www.crestemsicalatorim.com\/index.php\/wp-json\/wp\/v2\/product\/39549","targetHints":{"allow":["GET"]}}],"collection":[{"href":"https:\/\/www.crestemsicalatorim.com\/index.php\/wp-json\/wp\/v2\/product"}],"about":[{"href":"https:\/\/www.crestemsicalatorim.com\/index.php\/wp-json\/wp\/v2\/types\/product"}],"replies":[{"embeddable":true,"href":"https:\/\/www.crestemsicalatorim.com\/index.php\/wp-json\/wp\/v2\/comments?post=39549"}],"wp:featuredmedia":[{"embeddable":true,"href":"https:\/\/www.crestemsicalatorim.com\/index.php\/wp-json\/wp\/v2\/media\/39550"}],"wp:attachment":[{"href":"https:\/\/www.crestemsicalatorim.com\/index.php\/wp-json\/wp\/v2\/media?parent=39549"}],"wp:term":[{"taxonomy":"product_cat","embeddable":true,"href":"https:\/\/www.crestemsicalatorim.com\/index.php\/wp-json\/wp\/v2\/product_cat?post=39549"},{"taxonomy":"product_tag","embeddable":true,"href":"https:\/\/www.crestemsicalatorim.com\/index.php\/wp-json\/wp\/v2\/product_tag?post=39549"}],"curies":[{"name":"wp","href":"https:\/\/api.w.org\/{rel}","templated":true}]}}