{"id":40928,"date":"2022-01-03T19:56:29","date_gmt":"2022-01-03T19:56:29","guid":{"rendered":"https:\/\/www.crestemsicalatorim.com\/?post_type=product&#038;p=40928"},"modified":"2026-02-01T11:53:29","modified_gmt":"2026-02-01T11:53:29","slug":"aparat-foto-cu-functie-de-printare","status":"publish","type":"product","link":"https:\/\/www.crestemsicalatorim.com\/index.php\/product\/aparat-foto-cu-functie-de-printare\/","title":{"rendered":"Aparat foto cu functie de printare"},"content":{"rendered":"<p>Imortalizeaz\u0103 momentele de neuitat ale copilului t\u0103u cu <strong>super aparatul foto cu func\u021bie de printare<\/strong>, creat special pentru cei mici! Acest gadget ingenios \u00eei ajut\u0103 pe copii s\u0103 \u00ee\u0219i p\u0103streze amintirile vii, transform\u00e2nd fiecare zi \u00eentr-o experien\u021b\u0103 plin\u0103 de creativitate \u0219i distrac\u021bie.<\/p>\n<p>Cu un <strong>card de memorie de 8 GB inclus<\/strong> (cu posibilitatea de extindere p\u00e2n\u0103 la 32 GB), aparatul poate stoca <strong>o mul\u021bime de fotografii<\/strong>, iar func\u021bia de printare instantanee le permite s\u0103 imprime orice fotografie dorit\u0103 cu o simpl\u0103 ap\u0103sare de buton. <strong>Pozele sunt alb-negru<\/strong>, folosind tehnologia de <strong>termo printare<\/strong>, ceea ce \u00eenseamn\u0103 c\u0103 <strong>nu vei avea nevoie niciodat\u0103 de cerneal\u0103<\/strong>! Tot ce trebuie s\u0103 faci este s\u0103 schimbi rola de h\u00e2rtie atunci c\u00e2nd se termin\u0103.<\/p>\n<p>Camera este <strong>duala<\/strong>, perfect\u0103 pentru a face at\u00e2t poze obi\u0219nuite, c\u00e2t \u0219i selfie-uri, oferind micilor fotografi <strong>versatilitate<\/strong> \u0219i mai mult\u0103 distrac\u021bie. Iar pentru un plus de creativitate, aparatul vine cu <strong>stickere colorate<\/strong> care dau via\u021b\u0103 fiec\u0103rei poze, transform\u00e2nd fiecare fotografie \u00eentr-o oper\u0103 de art\u0103 personalizat\u0103.<\/p>\n<p>Creat pentru copii activi, aparatul este <strong>rezistent la \u0219ocuri<\/strong>, a\u0219a c\u0103 poate fi sc\u0103pat f\u0103r\u0103 probleme, r\u0103m\u00e2n\u00e2nd intact \u0219i gata de ac\u021biune. Dup\u0103 ce imprim\u0103 pozele, copiii le pot <strong>colora<\/strong> direct, astfel c\u0103 joaca \u0219i creativitatea nu se opresc niciodat\u0103!<\/p>\n<p><iframe loading=\"lazy\" title=\"Aparat foto cu functie de printare\" width=\"1080\" height=\"608\" src=\"https:\/\/www.youtube.com\/embed\/OYBjHAhn7gk?feature=oembed\"  allow=\"accelerometer; autoplay; clipboard-write; encrypted-media; gyroscope; picture-in-picture; web-share\" referrerpolicy=\"strict-origin-when-cross-origin\" allowfullscreen><\/iframe><\/p>\n<p>&nbsp;<\/p>\n<div class=\"flex max-w-full flex-col flex-grow\">\n<div class=\"min-h-[20px] text-message flex w-full flex-col items-end gap-2 whitespace-normal break-words [.text-message+&amp;]:mt-5 overflow-x-auto\" dir=\"auto\" data-message-author-role=\"assistant\" data-message-id=\"8865ed21-d389-405b-aaf6-dd25fa136922\">\n<div class=\"flex w-full flex-col gap-1 empty:hidden first:pt-[3px]\">\n<div class=\"markdown prose w-full break-words dark:prose-invert light\">\n<p>Un <strong>companion ideal pentru micii c\u0103l\u0103tori<\/strong>, acest aparat foto poate fi conectat la telefon prin <strong>Wi-Fi<\/strong>, folosind aplica\u021bia BibiCam, oferind \u0219i mai multe func\u021bionalit\u0103\u021bi!<\/p>\n<h3>Detalii suplimentare:<\/h3>\n<ul>\n<li><strong>Transport gratuit<\/strong> pentru comenzi de peste 300 RON.<\/li>\n<li>Transportul pentru plata ramburs este 22 RON, indiferent de valoarea comenzii.<\/li>\n<li><strong>Livrare rapid\u0103<\/strong>: 2-3 zile lucr\u0103toare.<\/li>\n<\/ul>\n<h3>Pachetul include:<\/h3>\n<ul>\n<li><strong>Aparatul foto cu func\u021bie de printare<\/strong><\/li>\n<li><strong>Cablu de \u00eenc\u0103rcare USB<\/strong>, ingenios ascuns \u00een \u0219nurul pentru g\u00e2t<\/li>\n<li><strong>2 role de h\u00e2rtie<\/strong> pentru printare<\/li>\n<li><strong>Stickere creative<\/strong> pentru poze<\/li>\n<li><strong>Mini hus\u0103 Dinozaur<\/strong> adorabil\u0103 (exact ca \u00een poze)<\/li>\n<\/ul>\n<p>Nu rata ocazia de a oferi copilului t\u0103u ore nesf\u00e2r\u0219ite de distrac\u021bie \u0219i creativitate!<\/p>\n<\/div>\n<\/div>\n<\/div>\n<\/div>\n<div class=\"mt-1 flex gap-3 empty:hidden -ml-2\">\n<div class=\"items-center justify-start rounded-xl p-1 flex\">\n<div class=\"flex items-center\">\n<div class=\"flex items-center pb-0\"><\/div>\n<\/div>\n<\/div>\n<\/div>\n<p>Aparatul are incluse doua role de printare. Puteti achizitiona mai multe de <a href=\"https:\/\/www.crestemsicalatorim.com\/index.php\/product\/hartie-pentru-printarea-termala-pentru-camera-foto-cu-printare\/\" target=\"_blank\" rel=\"noopener\">aici<\/a>.<\/p>\n<p>Specificatii:<\/p>\n<ul>\n<li>Culoare: 3 optiuni de culoare: galben \/ verde ; roz; galben<\/li>\n<li>Marime ecran: 3 inchi (7.62 cm)<\/li>\n<li>Capacitatea bateriei: 610 MAh<\/li>\n<li>Timp de incarcare: 2-3 ore<\/li>\n<li>Durata baterie: 60-90 minute<\/li>\n<li>Material: silicon<\/li>\n<li>Marime poze: 10 cm X 5 cm<\/li>\n<\/ul>\n<p>&nbsp;<\/p>\n","protected":false},"excerpt":{"rendered":"<p>Super aparat foto cu functie de printare, perfect pentru copii si pentru a mentine vii amintirile lor.<\/p>\n<p>Aparatul foto pentru copii poate face o groaza de poze datorita cardului de memorie de 8 GB inclus (si suporta pana la 32 de GB) si poate printa orice poza alegeti, doar cu apasarea unui buton.<\/p>\n<p>Pozele sunt alb-negru si folosesc tehnologia de termo printare, ceea ce inseamna ca nu veti avea nevoie niciodata de cerneala speciala pentru imprimarea lor. Tot ce trebuie sa faceti este sa inlocuiti rola de hartie atunci cand se termina. Pachetul include 2 role de hartie. Se mai pot comanda role aditionale de <a href=\"https:\/\/www.crestemsicalatorim.com\/index.php\/product\/hartie-pentru-printarea-termala-pentru-camera-foto-cu-printare\/\" target=\"_blank\" rel=\"noopener\">aici<\/a>.<\/p>\n<p>Camera este duala, asa incat se pot face poze normale, cat si selfie-uri.<\/p>\n<p>&nbsp;<\/p>\n<p>&nbsp;<\/p>\n","protected":false},"featured_media":40929,"comment_status":"open","ping_status":"closed","template":"","meta":{"_et_pb_use_builder":"","_et_pb_old_content":"","_et_gb_content_width":"","_exactmetrics_skip_tracking":false,"_exactmetrics_sitenote_active":false,"_exactmetrics_sitenote_note":"","_exactmetrics_sitenote_category":0,"jetpack_post_was_ever_published":false},"product_cat":[36],"product_tag":[],"class_list":{"0":"post-40928","1":"product","2":"type-product","3":"status-publish","4":"has-post-thumbnail","6":"product_cat-shop","8":"first","9":"instock","10":"sale","11":"taxable","12":"shipping-taxable","13":"purchasable","14":"product-type-variable"},"yoast_head":"<!-- This site is optimized with the Yoast SEO plugin v24.1 - https:\/\/yoast.com\/wordpress\/plugins\/seo\/ -->\n<title>Aparat foto cu functie de printare - Crestem si Calatorim<\/title>\n<meta name=\"robots\" content=\"index, follow, max-snippet:-1, max-image-preview:large, max-video-preview:-1\" \/>\n<link rel=\"canonical\" href=\"https:\/\/www.crestemsicalatorim.com\/index.php\/product\/aparat-foto-cu-functie-de-printare\/\" \/>\n<meta property=\"og:locale\" content=\"ro_RO\" \/>\n<meta property=\"og:type\" content=\"article\" \/>\n<meta property=\"og:title\" content=\"Aparat foto cu functie de printare - Crestem si Calatorim\" \/>\n<meta property=\"og:description\" content=\"Super aparat foto cu functie de printare, perfect pentru copii si pentru a mentine vii amintirile lor.  Aparatul foto pentru copii poate face o groaza de poze datorita cardului de memorie de 8 GB inclus (si suporta pana la 32 de GB) si poate printa orice poza alegeti, doar cu apasarea unui buton.  Pozele sunt alb-negru si folosesc tehnologia de termo printare, ceea ce inseamna ca nu veti avea nevoie niciodata de cerneala speciala pentru imprimarea lor. Tot ce trebuie sa faceti este sa inlocuiti rola de hartie atunci cand se termina. Pachetul include 2 role de hartie. Se mai pot comanda role aditionale de aici.  Camera este duala, asa incat se pot face poze normale, cat si selfie-uri.  &nbsp;  &nbsp;\" \/>\n<meta property=\"og:url\" content=\"https:\/\/www.crestemsicalatorim.com\/index.php\/product\/aparat-foto-cu-functie-de-printare\/\" \/>\n<meta property=\"og:site_name\" content=\"Crestem si Calatorim\" \/>\n<meta property=\"article:publisher\" content=\"https:\/\/web.facebook.com\/crestemsicalatorim\/\" \/>\n<meta property=\"article:modified_time\" content=\"2026-02-01T11:53:29+00:00\" \/>\n<meta property=\"og:image\" content=\"https:\/\/i0.wp.com\/www.crestemsicalatorim.com\/wp-content\/uploads\/2022\/01\/4.jpg?fit=800%2C800&ssl=1\" \/>\n\t<meta property=\"og:image:width\" content=\"800\" \/>\n\t<meta property=\"og:image:height\" content=\"800\" \/>\n\t<meta property=\"og:image:type\" content=\"image\/jpeg\" \/>\n<meta name=\"twitter:card\" content=\"summary_large_image\" \/>\n<meta name=\"twitter:label1\" content=\"Timp estimat pentru citire\" \/>\n\t<meta name=\"twitter:data1\" content=\"2 minute\" \/>\n<script type=\"application\/ld+json\" class=\"yoast-schema-graph\">{\"@context\":\"https:\/\/schema.org\",\"@graph\":[{\"@type\":\"WebPage\",\"@id\":\"https:\/\/www.crestemsicalatorim.com\/index.php\/product\/aparat-foto-cu-functie-de-printare\/\",\"url\":\"https:\/\/www.crestemsicalatorim.com\/index.php\/product\/aparat-foto-cu-functie-de-printare\/\",\"name\":\"Aparat foto cu functie de printare - Crestem si Calatorim\",\"isPartOf\":{\"@id\":\"https:\/\/www.crestemsicalatorim.com\/#website\"},\"primaryImageOfPage\":{\"@id\":\"https:\/\/www.crestemsicalatorim.com\/index.php\/product\/aparat-foto-cu-functie-de-printare\/#primaryimage\"},\"image\":{\"@id\":\"https:\/\/www.crestemsicalatorim.com\/index.php\/product\/aparat-foto-cu-functie-de-printare\/#primaryimage\"},\"thumbnailUrl\":\"https:\/\/i0.wp.com\/www.crestemsicalatorim.com\/wp-content\/uploads\/2022\/01\/4.jpg?fit=800%2C800&ssl=1\",\"datePublished\":\"2022-01-03T19:56:29+00:00\",\"dateModified\":\"2026-02-01T11:53:29+00:00\",\"breadcrumb\":{\"@id\":\"https:\/\/www.crestemsicalatorim.com\/index.php\/product\/aparat-foto-cu-functie-de-printare\/#breadcrumb\"},\"inLanguage\":\"ro-RO\",\"potentialAction\":[{\"@type\":\"ReadAction\",\"target\":[\"https:\/\/www.crestemsicalatorim.com\/index.php\/product\/aparat-foto-cu-functie-de-printare\/\"]}]},{\"@type\":\"ImageObject\",\"inLanguage\":\"ro-RO\",\"@id\":\"https:\/\/www.crestemsicalatorim.com\/index.php\/product\/aparat-foto-cu-functie-de-printare\/#primaryimage\",\"url\":\"https:\/\/i0.wp.com\/www.crestemsicalatorim.com\/wp-content\/uploads\/2022\/01\/4.jpg?fit=800%2C800&ssl=1\",\"contentUrl\":\"https:\/\/i0.wp.com\/www.crestemsicalatorim.com\/wp-content\/uploads\/2022\/01\/4.jpg?fit=800%2C800&ssl=1\",\"width\":800,\"height\":800},{\"@type\":\"BreadcrumbList\",\"@id\":\"https:\/\/www.crestemsicalatorim.com\/index.php\/product\/aparat-foto-cu-functie-de-printare\/#breadcrumb\",\"itemListElement\":[{\"@type\":\"ListItem\",\"position\":1,\"name\":\"Home\",\"item\":\"https:\/\/www.crestemsicalatorim.com\/\"},{\"@type\":\"ListItem\",\"position\":2,\"name\":\"Shop\",\"item\":\"https:\/\/www.crestemsicalatorim.com\/index.php\/shop\/\"},{\"@type\":\"ListItem\",\"position\":3,\"name\":\"Aparat foto cu functie de printare\"}]},{\"@type\":\"WebSite\",\"@id\":\"https:\/\/www.crestemsicalatorim.com\/#website\",\"url\":\"https:\/\/www.crestemsicalatorim.com\/\",\"name\":\"Crestem si Calatorim\",\"description\":\"Blog despre calatorii cu copii\",\"potentialAction\":[{\"@type\":\"SearchAction\",\"target\":{\"@type\":\"EntryPoint\",\"urlTemplate\":\"https:\/\/www.crestemsicalatorim.com\/?s={search_term_string}\"},\"query-input\":{\"@type\":\"PropertyValueSpecification\",\"valueRequired\":true,\"valueName\":\"search_term_string\"}}],\"inLanguage\":\"ro-RO\"}]}<\/script>\n<!-- \/ Yoast SEO plugin. -->","yoast_head_json":{"title":"Aparat foto cu functie de printare - Crestem si Calatorim","robots":{"index":"index","follow":"follow","max-snippet":"max-snippet:-1","max-image-preview":"max-image-preview:large","max-video-preview":"max-video-preview:-1"},"canonical":"https:\/\/www.crestemsicalatorim.com\/index.php\/product\/aparat-foto-cu-functie-de-printare\/","og_locale":"ro_RO","og_type":"article","og_title":"Aparat foto cu functie de printare - Crestem si Calatorim","og_description":"Super aparat foto cu functie de printare, perfect pentru copii si pentru a mentine vii amintirile lor.  Aparatul foto pentru copii poate face o groaza de poze datorita cardului de memorie de 8 GB inclus (si suporta pana la 32 de GB) si poate printa orice poza alegeti, doar cu apasarea unui buton.  Pozele sunt alb-negru si folosesc tehnologia de termo printare, ceea ce inseamna ca nu veti avea nevoie niciodata de cerneala speciala pentru imprimarea lor. Tot ce trebuie sa faceti este sa inlocuiti rola de hartie atunci cand se termina. Pachetul include 2 role de hartie. Se mai pot comanda role aditionale de aici.  Camera este duala, asa incat se pot face poze normale, cat si selfie-uri.  &nbsp;  &nbsp;","og_url":"https:\/\/www.crestemsicalatorim.com\/index.php\/product\/aparat-foto-cu-functie-de-printare\/","og_site_name":"Crestem si Calatorim","article_publisher":"https:\/\/web.facebook.com\/crestemsicalatorim\/","article_modified_time":"2026-02-01T11:53:29+00:00","og_image":[{"width":800,"height":800,"url":"https:\/\/i0.wp.com\/www.crestemsicalatorim.com\/wp-content\/uploads\/2022\/01\/4.jpg?fit=800%2C800&ssl=1","type":"image\/jpeg"}],"twitter_card":"summary_large_image","twitter_misc":{"Timp estimat pentru citire":"2 minute"},"schema":{"@context":"https:\/\/schema.org","@graph":[{"@type":"WebPage","@id":"https:\/\/www.crestemsicalatorim.com\/index.php\/product\/aparat-foto-cu-functie-de-printare\/","url":"https:\/\/www.crestemsicalatorim.com\/index.php\/product\/aparat-foto-cu-functie-de-printare\/","name":"Aparat foto cu functie de printare - Crestem si Calatorim","isPartOf":{"@id":"https:\/\/www.crestemsicalatorim.com\/#website"},"primaryImageOfPage":{"@id":"https:\/\/www.crestemsicalatorim.com\/index.php\/product\/aparat-foto-cu-functie-de-printare\/#primaryimage"},"image":{"@id":"https:\/\/www.crestemsicalatorim.com\/index.php\/product\/aparat-foto-cu-functie-de-printare\/#primaryimage"},"thumbnailUrl":"https:\/\/i0.wp.com\/www.crestemsicalatorim.com\/wp-content\/uploads\/2022\/01\/4.jpg?fit=800%2C800&ssl=1","datePublished":"2022-01-03T19:56:29+00:00","dateModified":"2026-02-01T11:53:29+00:00","breadcrumb":{"@id":"https:\/\/www.crestemsicalatorim.com\/index.php\/product\/aparat-foto-cu-functie-de-printare\/#breadcrumb"},"inLanguage":"ro-RO","potentialAction":[{"@type":"ReadAction","target":["https:\/\/www.crestemsicalatorim.com\/index.php\/product\/aparat-foto-cu-functie-de-printare\/"]}]},{"@type":"ImageObject","inLanguage":"ro-RO","@id":"https:\/\/www.crestemsicalatorim.com\/index.php\/product\/aparat-foto-cu-functie-de-printare\/#primaryimage","url":"https:\/\/i0.wp.com\/www.crestemsicalatorim.com\/wp-content\/uploads\/2022\/01\/4.jpg?fit=800%2C800&ssl=1","contentUrl":"https:\/\/i0.wp.com\/www.crestemsicalatorim.com\/wp-content\/uploads\/2022\/01\/4.jpg?fit=800%2C800&ssl=1","width":800,"height":800},{"@type":"BreadcrumbList","@id":"https:\/\/www.crestemsicalatorim.com\/index.php\/product\/aparat-foto-cu-functie-de-printare\/#breadcrumb","itemListElement":[{"@type":"ListItem","position":1,"name":"Home","item":"https:\/\/www.crestemsicalatorim.com\/"},{"@type":"ListItem","position":2,"name":"Shop","item":"https:\/\/www.crestemsicalatorim.com\/index.php\/shop\/"},{"@type":"ListItem","position":3,"name":"Aparat foto cu functie de printare"}]},{"@type":"WebSite","@id":"https:\/\/www.crestemsicalatorim.com\/#website","url":"https:\/\/www.crestemsicalatorim.com\/","name":"Crestem si Calatorim","description":"Blog despre calatorii cu copii","potentialAction":[{"@type":"SearchAction","target":{"@type":"EntryPoint","urlTemplate":"https:\/\/www.crestemsicalatorim.com\/?s={search_term_string}"},"query-input":{"@type":"PropertyValueSpecification","valueRequired":true,"valueName":"search_term_string"}}],"inLanguage":"ro-RO"}]}},"jetpack_sharing_enabled":true,"jetpack-related-posts":[],"_links":{"self":[{"href":"https:\/\/www.crestemsicalatorim.com\/index.php\/wp-json\/wp\/v2\/product\/40928","targetHints":{"allow":["GET"]}}],"collection":[{"href":"https:\/\/www.crestemsicalatorim.com\/index.php\/wp-json\/wp\/v2\/product"}],"about":[{"href":"https:\/\/www.crestemsicalatorim.com\/index.php\/wp-json\/wp\/v2\/types\/product"}],"replies":[{"embeddable":true,"href":"https:\/\/www.crestemsicalatorim.com\/index.php\/wp-json\/wp\/v2\/comments?post=40928"}],"wp:featuredmedia":[{"embeddable":true,"href":"https:\/\/www.crestemsicalatorim.com\/index.php\/wp-json\/wp\/v2\/media\/40929"}],"wp:attachment":[{"href":"https:\/\/www.crestemsicalatorim.com\/index.php\/wp-json\/wp\/v2\/media?parent=40928"}],"wp:term":[{"taxonomy":"product_cat","embeddable":true,"href":"https:\/\/www.crestemsicalatorim.com\/index.php\/wp-json\/wp\/v2\/product_cat?post=40928"},{"taxonomy":"product_tag","embeddable":true,"href":"https:\/\/www.crestemsicalatorim.com\/index.php\/wp-json\/wp\/v2\/product_tag?post=40928"}],"curies":[{"name":"wp","href":"https:\/\/api.w.org\/{rel}","templated":true}]}}