{"id":42522,"date":"2022-09-01T18:19:21","date_gmt":"2022-09-01T18:19:21","guid":{"rendered":"https:\/\/www.crestemsicalatorim.com\/?post_type=product&#038;p=42522"},"modified":"2025-12-02T20:48:03","modified_gmt":"2025-12-02T20:48:03","slug":"magnetic-tiles-set-magnetic-de-constructie-116-bucati","status":"publish","type":"product","link":"https:\/\/www.crestemsicalatorim.com\/index.php\/product\/magnetic-tiles-set-magnetic-de-constructie-116-bucati\/","title":{"rendered":"Magnetic Tiles &#8211; Set Magnetic de Constructie &#8211; 116 bucati"},"content":{"rendered":"<p>Descoper\u0103 magia construc\u021biilor cu <strong>Setul 3D Magnetic Tiles &#8211; 116 piese<\/strong>! Aceast\u0103 juc\u0103rie inovatoare este perfect\u0103 pentru a stimula imagina\u021bia \u0219i creativitatea copiilor, oferindu-le ocazia s\u0103 \u00eenve\u021be formele geometrice \u0219i s\u0103 \u00ee\u0219i dezvolte abilit\u0103\u021bile cognitive \u00eentr-un mod distractiv \u0219i captivant.<\/p>\n<h3>Ce face acest set special?<\/h3>\n<p>Fiecare dintre cele <strong>116 piese magnetice<\/strong> este conceput\u0103 pentru a oferi ore \u00eentregi de joac\u0103 constructiv\u0103. <strong>Magnetii puternici \u0219i piesele de dimensiuni mari<\/strong> (cel pu\u021bin 7,5 x 7,5 cm) asigur\u0103 construc\u021bii stabile, u\u0219or de realizat \u0219i rezistente la pr\u0103bu\u0219ire. Copiii pot construi rapid <strong>structuri complexe \u0219i puternice<\/strong>, f\u0103r\u0103 s\u0103 se \u00eengrijoreze c\u0103 se vor dezintegra.<\/p>\n<p>Piesele semi-transparente au un design modern, cu aspect de <strong>vitralii colorate<\/strong>, ceea ce adaug\u0103 o not\u0103 de magie fiec\u0103rei construc\u021bii. Toate seturile <strong>Magnetic Tiles<\/strong> sunt compatibile \u00eentre ele, astfel \u00eenc\u00e2t micii constructori \u00ee\u0219i pot extinde crea\u021biile cu u\u0219urin\u021b\u0103, iar <strong>magnetii de \u00eenalt\u0103 calitate<\/strong> sunt siguran\u021bi securiza\u021bi \u00een interiorul fiec\u0103rei piese.<\/p>\n<p><span style=\"text-decoration: underline;\"><strong>TOATE cele 116 piese sunt magnetice!<\/strong><\/span><\/p>\n<p><img data-recalc-dims=\"1\" loading=\"lazy\" decoding=\"async\" data-attachment-id=\"42523\" data-permalink=\"https:\/\/www.crestemsicalatorim.com\/?attachment_id=42523\" data-orig-file=\"https:\/\/i0.wp.com\/www.crestemsicalatorim.com\/wp-content\/uploads\/2022\/09\/lista-piese-116.png?fit=821%2C827&amp;ssl=1\" data-orig-size=\"821,827\" data-comments-opened=\"1\" data-image-meta=\"{&quot;aperture&quot;:&quot;0&quot;,&quot;credit&quot;:&quot;&quot;,&quot;camera&quot;:&quot;&quot;,&quot;caption&quot;:&quot;&quot;,&quot;created_timestamp&quot;:&quot;0&quot;,&quot;copyright&quot;:&quot;&quot;,&quot;focal_length&quot;:&quot;0&quot;,&quot;iso&quot;:&quot;0&quot;,&quot;shutter_speed&quot;:&quot;0&quot;,&quot;title&quot;:&quot;&quot;,&quot;orientation&quot;:&quot;0&quot;}\" data-image-title=\"lista piese 116\" data-image-description=\"\" data-image-caption=\"\" data-medium-file=\"https:\/\/i0.wp.com\/www.crestemsicalatorim.com\/wp-content\/uploads\/2022\/09\/lista-piese-116.png?fit=298%2C300&amp;ssl=1\" data-large-file=\"https:\/\/i0.wp.com\/www.crestemsicalatorim.com\/wp-content\/uploads\/2022\/09\/lista-piese-116.png?fit=821%2C827&amp;ssl=1\" class=\"aligncenter size-full wp-image-42523\" src=\"https:\/\/i0.wp.com\/www.crestemsicalatorim.com\/wp-content\/uploads\/2022\/09\/lista-piese-116.png?resize=821%2C827&#038;ssl=1\" alt=\"\" width=\"821\" height=\"827\" srcset=\"https:\/\/i0.wp.com\/www.crestemsicalatorim.com\/wp-content\/uploads\/2022\/09\/lista-piese-116.png?w=821&amp;ssl=1 821w, https:\/\/i0.wp.com\/www.crestemsicalatorim.com\/wp-content\/uploads\/2022\/09\/lista-piese-116.png?resize=298%2C300&amp;ssl=1 298w, https:\/\/i0.wp.com\/www.crestemsicalatorim.com\/wp-content\/uploads\/2022\/09\/lista-piese-116.png?resize=150%2C150&amp;ssl=1 150w, https:\/\/i0.wp.com\/www.crestemsicalatorim.com\/wp-content\/uploads\/2022\/09\/lista-piese-116.png?resize=768%2C774&amp;ssl=1 768w, https:\/\/i0.wp.com\/www.crestemsicalatorim.com\/wp-content\/uploads\/2022\/09\/lista-piese-116.png?resize=600%2C604&amp;ssl=1 600w, https:\/\/i0.wp.com\/www.crestemsicalatorim.com\/wp-content\/uploads\/2022\/09\/lista-piese-116.png?resize=100%2C100&amp;ssl=1 100w\" sizes=\"auto, (max-width: 821px) 100vw, 821px\" \/><\/p>\n<p>Setul contine 116 piese:<\/p>\n<ul>\n<li>8 triunghiuri ascutite<\/li>\n<li>36 de patrate pline<\/li>\n<li>18 triunghiuri echilaterale<\/li>\n<li>4 piese sub forma de H<\/li>\n<li>6 patrate goale<\/li>\n<li>2 ferestre cadru rotunjit<\/li>\n<li>2 piese in forma de L<\/li>\n<li>6 dreptunghiuri<\/li>\n<li>10 triunghiuri dreptunghice<\/li>\n<li>4 ferestre<\/li>\n<li>2 usi cadru rotunjit<\/li>\n<li>2 baze pentru masina<\/li>\n<li>2 patrate mari<\/li>\n<li>8 piese sub forma de pieptene<\/li>\n<li>4 semicercuri<\/li>\n<li>2 figurine<\/li>\n<\/ul>\n<p><span style=\"text-decoration: underline;\"><strong>Dimensiuni mari si magneti puternici!<\/strong><\/span><\/p>\n<p>Magneti de dimensiuni mai mari (cel putin 7,5*7,5 cm) pentru a obtine o putere magnetica mai crescuta, mai usor si mai rapid, pentru a construi proiecte puternice care nu se vor prabusi usor.<\/p>\n<p><img data-recalc-dims=\"1\" loading=\"lazy\" decoding=\"async\" data-attachment-id=\"42525\" data-permalink=\"https:\/\/www.crestemsicalatorim.com\/?attachment_id=42525\" data-orig-file=\"https:\/\/i0.wp.com\/www.crestemsicalatorim.com\/wp-content\/uploads\/2022\/09\/2-magneti.png?fit=577%2C630&amp;ssl=1\" data-orig-size=\"577,630\" data-comments-opened=\"1\" data-image-meta=\"{&quot;aperture&quot;:&quot;0&quot;,&quot;credit&quot;:&quot;&quot;,&quot;camera&quot;:&quot;&quot;,&quot;caption&quot;:&quot;&quot;,&quot;created_timestamp&quot;:&quot;0&quot;,&quot;copyright&quot;:&quot;&quot;,&quot;focal_length&quot;:&quot;0&quot;,&quot;iso&quot;:&quot;0&quot;,&quot;shutter_speed&quot;:&quot;0&quot;,&quot;title&quot;:&quot;&quot;,&quot;orientation&quot;:&quot;0&quot;}\" data-image-title=\"2 magneti\" data-image-description=\"\" data-image-caption=\"\" data-medium-file=\"https:\/\/i0.wp.com\/www.crestemsicalatorim.com\/wp-content\/uploads\/2022\/09\/2-magneti.png?fit=275%2C300&amp;ssl=1\" data-large-file=\"https:\/\/i0.wp.com\/www.crestemsicalatorim.com\/wp-content\/uploads\/2022\/09\/2-magneti.png?fit=577%2C630&amp;ssl=1\" class=\"aligncenter size-large wp-image-42525\" src=\"https:\/\/i0.wp.com\/www.crestemsicalatorim.com\/wp-content\/uploads\/2022\/09\/2-magneti.png?resize=577%2C630&#038;ssl=1\" alt=\"\" width=\"577\" height=\"630\" srcset=\"https:\/\/i0.wp.com\/www.crestemsicalatorim.com\/wp-content\/uploads\/2022\/09\/2-magneti.png?w=577&amp;ssl=1 577w, https:\/\/i0.wp.com\/www.crestemsicalatorim.com\/wp-content\/uploads\/2022\/09\/2-magneti.png?resize=275%2C300&amp;ssl=1 275w\" sizes=\"auto, (max-width: 577px) 100vw, 577px\" \/><\/p>\n<p><img data-recalc-dims=\"1\" loading=\"lazy\" decoding=\"async\" data-attachment-id=\"42526\" data-permalink=\"https:\/\/www.crestemsicalatorim.com\/?attachment_id=42526\" data-orig-file=\"https:\/\/i0.wp.com\/www.crestemsicalatorim.com\/wp-content\/uploads\/2022\/09\/magneti.png?fit=494%2C466&amp;ssl=1\" data-orig-size=\"494,466\" data-comments-opened=\"1\" data-image-meta=\"{&quot;aperture&quot;:&quot;0&quot;,&quot;credit&quot;:&quot;&quot;,&quot;camera&quot;:&quot;&quot;,&quot;caption&quot;:&quot;&quot;,&quot;created_timestamp&quot;:&quot;0&quot;,&quot;copyright&quot;:&quot;&quot;,&quot;focal_length&quot;:&quot;0&quot;,&quot;iso&quot;:&quot;0&quot;,&quot;shutter_speed&quot;:&quot;0&quot;,&quot;title&quot;:&quot;&quot;,&quot;orientation&quot;:&quot;0&quot;}\" data-image-title=\"magneti\" data-image-description=\"\" data-image-caption=\"\" data-medium-file=\"https:\/\/i0.wp.com\/www.crestemsicalatorim.com\/wp-content\/uploads\/2022\/09\/magneti.png?fit=300%2C283&amp;ssl=1\" data-large-file=\"https:\/\/i0.wp.com\/www.crestemsicalatorim.com\/wp-content\/uploads\/2022\/09\/magneti.png?fit=494%2C466&amp;ssl=1\" class=\"aligncenter size-full wp-image-42526\" src=\"https:\/\/i0.wp.com\/www.crestemsicalatorim.com\/wp-content\/uploads\/2022\/09\/magneti.png?resize=494%2C466&#038;ssl=1\" alt=\"\" width=\"494\" height=\"466\" srcset=\"https:\/\/i0.wp.com\/www.crestemsicalatorim.com\/wp-content\/uploads\/2022\/09\/magneti.png?w=494&amp;ssl=1 494w, https:\/\/i0.wp.com\/www.crestemsicalatorim.com\/wp-content\/uploads\/2022\/09\/magneti.png?resize=300%2C283&amp;ssl=1 300w\" sizes=\"auto, (max-width: 494px) 100vw, 494px\" \/><\/p>\n<p><span style=\"text-decoration: underline;\"><strong>Design nou!<\/strong><\/span> Aceste piese semi-transparente, avand aspectul unor vitralii colorate, ii vor ajuta pe cei mici sa construiasca utilizandu-si imaginatia.<\/p>\n<p><img data-recalc-dims=\"1\" loading=\"lazy\" decoding=\"async\" data-attachment-id=\"42527\" data-permalink=\"https:\/\/www.crestemsicalatorim.com\/?attachment_id=42527\" data-orig-file=\"https:\/\/i0.wp.com\/www.crestemsicalatorim.com\/wp-content\/uploads\/2022\/09\/transparenta-2.jpg?fit=1200%2C1200&amp;ssl=1\" data-orig-size=\"1200,1200\" data-comments-opened=\"1\" data-image-meta=\"{&quot;aperture&quot;:&quot;0&quot;,&quot;credit&quot;:&quot;&quot;,&quot;camera&quot;:&quot;&quot;,&quot;caption&quot;:&quot;&quot;,&quot;created_timestamp&quot;:&quot;0&quot;,&quot;copyright&quot;:&quot;&quot;,&quot;focal_length&quot;:&quot;0&quot;,&quot;iso&quot;:&quot;0&quot;,&quot;shutter_speed&quot;:&quot;0&quot;,&quot;title&quot;:&quot;&quot;,&quot;orientation&quot;:&quot;1&quot;}\" data-image-title=\"transparenta 2\" data-image-description=\"\" data-image-caption=\"\" data-medium-file=\"https:\/\/i0.wp.com\/www.crestemsicalatorim.com\/wp-content\/uploads\/2022\/09\/transparenta-2.jpg?fit=300%2C300&amp;ssl=1\" data-large-file=\"https:\/\/i0.wp.com\/www.crestemsicalatorim.com\/wp-content\/uploads\/2022\/09\/transparenta-2.jpg?fit=1024%2C1024&amp;ssl=1\" class=\"aligncenter size-large wp-image-42527\" src=\"https:\/\/i0.wp.com\/www.crestemsicalatorim.com\/wp-content\/uploads\/2022\/09\/transparenta-2.jpg?resize=1024%2C1024&#038;ssl=1\" alt=\"\" width=\"1024\" height=\"1024\" srcset=\"https:\/\/i0.wp.com\/www.crestemsicalatorim.com\/wp-content\/uploads\/2022\/09\/transparenta-2.jpg?resize=1024%2C1024&amp;ssl=1 1024w, https:\/\/i0.wp.com\/www.crestemsicalatorim.com\/wp-content\/uploads\/2022\/09\/transparenta-2.jpg?resize=300%2C300&amp;ssl=1 300w, https:\/\/i0.wp.com\/www.crestemsicalatorim.com\/wp-content\/uploads\/2022\/09\/transparenta-2.jpg?resize=150%2C150&amp;ssl=1 150w, https:\/\/i0.wp.com\/www.crestemsicalatorim.com\/wp-content\/uploads\/2022\/09\/transparenta-2.jpg?resize=768%2C768&amp;ssl=1 768w, https:\/\/i0.wp.com\/www.crestemsicalatorim.com\/wp-content\/uploads\/2022\/09\/transparenta-2.jpg?resize=600%2C600&amp;ssl=1 600w, https:\/\/i0.wp.com\/www.crestemsicalatorim.com\/wp-content\/uploads\/2022\/09\/transparenta-2.jpg?resize=100%2C100&amp;ssl=1 100w, https:\/\/i0.wp.com\/www.crestemsicalatorim.com\/wp-content\/uploads\/2022\/09\/transparenta-2.jpg?w=1200&amp;ssl=1 1200w\" sizes=\"auto, (max-width: 1024px) 100vw, 1024px\" \/><\/p>\n<h3>Beneficiile educative:<\/h3>\n<p>Setul magnetic stimuleaz\u0103 abilit\u0103\u021bile cognitive \u0219i motorii ale copiilor, fiind un <strong>excelent instrument educativ<\/strong>. Fiecare sesiune de joac\u0103 ajut\u0103 la dezvoltarea:<\/p>\n<ul>\n<li><strong>Imagina\u021biei \u0219i creativit\u0103\u021bii<\/strong><\/li>\n<li><strong>Cuno\u0219tin\u021belor de geometrie \u0219i construc\u021bie<\/strong><\/li>\n<li><strong>Abilit\u0103\u021bilor motorii fine \u0219i de proiectare<\/strong><\/li>\n<li><strong>G\u00e2ndirii spa\u021biale 3D<\/strong><\/li>\n<li><strong>Recunoa\u0219terii culorilor \u0219i formelor<\/strong><\/li>\n<\/ul>\n<p>Aceste pl\u0103ci magnetice captivante \u00eei vor \u021bine pe cei mici implica\u021bi pentru mult timp, permi\u021b\u00e2ndu-le s\u0103 \u00ee\u0219i testeze limitele creativit\u0103\u021bii \u0219i s\u0103 construiasc\u0103 nenum\u0103rate modele inovative.<\/p>\n<h3>Un cadou perfect:<\/h3>\n<p><strong>Setul Magnetic Tiles<\/strong> este ideal pentru orice ocazie special\u0103: ziua de na\u0219tere, Cr\u0103ciun, anivers\u0103ri sau surprize pentru copiii cu v\u00e2rsta de peste 3 ani, fie b\u0103ie\u021bi, fie fete. Cu acest set, joaca devine o adev\u0103rat\u0103 aventur\u0103 de \u00eenv\u0103\u021bare!<\/p>\n<h3>Siguran\u021b\u0103 garantat\u0103:<\/h3>\n<p>Seturile noastre sunt fabricate din materiale non-toxice \u0219i sunt sigure pentru copii, <strong>f\u0103r\u0103 BPA, ftala\u021bi, PVC sau latex<\/strong>, respect\u00e2nd toate standardele interna\u021bionale de calitate \u0219i siguran\u021b\u0103.<\/p>\n<p>Las\u0103 imagina\u021bia copilului t\u0103u s\u0103 zboare \u0219i ofer\u0103-i un set care dezvolt\u0103 creativitatea, \u00eenv\u0103\u021barea \u0219i distrac\u021bia \u2013 totul \u00eentr-un singur pachet!<\/p>\n<p>Informatii despre produs:<\/p>\n<ul>\n<li>material plastic, ABS<\/li>\n<li>Numar piese 116<\/li>\n<li>Dimensiune ambalaj 40 x 6.5 x 30 cm<\/li>\n<li>Greutatea articolului: 4.1 kg<\/li>\n<\/ul>\n<p>Varsta 3+<\/p>\n<p>&nbsp;<\/p>\n","protected":false},"excerpt":{"rendered":"<p>3D Magnetic Tiles Set Magnetic de Constructie &#8211; 116 bucati este o jucarie inovatoare care dezvolta abilitati cognitive\u00a0 si ajuta copilul sa invete formele geometrice.<\/p>\n<p>Acest set minunat de piese magnetice, in culori stralucitoare, le ofera copiilor posibilitatea de a-si dezvolta creativitatea si imaginatia. Nu exista limite in ceea ce ei pot construi si invata!<\/p>\n<p>Setul contine 116 piese, si toate seturile Magnetic Tiles sunt compatibile intre ele<\/p>\n","protected":false},"featured_media":42528,"comment_status":"open","ping_status":"closed","template":"","meta":{"_et_pb_use_builder":"","_et_pb_old_content":"","_et_gb_content_width":"","_exactmetrics_skip_tracking":false,"_exactmetrics_sitenote_active":false,"_exactmetrics_sitenote_note":"","_exactmetrics_sitenote_category":0,"jetpack_post_was_ever_published":false},"product_cat":[36],"product_tag":[],"class_list":{"0":"post-42522","1":"product","2":"type-product","3":"status-publish","4":"has-post-thumbnail","6":"product_cat-shop","8":"first","9":"outofstock","10":"sale","11":"taxable","12":"shipping-taxable","13":"purchasable","14":"product-type-simple"},"yoast_head":"<!-- This site is optimized with the Yoast SEO plugin v24.1 - https:\/\/yoast.com\/wordpress\/plugins\/seo\/ -->\n<title>Magnetic Tiles - Set Magnetic de Constructie - 116 bucati - Crestem si Calatorim<\/title>\n<meta name=\"robots\" content=\"index, follow, max-snippet:-1, max-image-preview:large, max-video-preview:-1\" \/>\n<link rel=\"canonical\" href=\"https:\/\/www.crestemsicalatorim.com\/index.php\/product\/magnetic-tiles-set-magnetic-de-constructie-116-bucati\/\" \/>\n<meta property=\"og:locale\" content=\"ro_RO\" \/>\n<meta property=\"og:type\" content=\"article\" \/>\n<meta property=\"og:title\" content=\"Magnetic Tiles - Set Magnetic de Constructie - 116 bucati - Crestem si Calatorim\" \/>\n<meta property=\"og:description\" content=\"3D Magnetic Tiles Set Magnetic de Constructie - 116 bucati este o jucarie inovatoare care dezvolta abilitati cognitive\u00a0 si ajuta copilul sa invete formele geometrice.  Acest set minunat de piese magnetice, in culori stralucitoare, le ofera copiilor posibilitatea de a-si dezvolta creativitatea si imaginatia. Nu exista limite in ceea ce ei pot construi si invata!  Setul contine 116 piese, si toate seturile Magnetic Tiles sunt compatibile intre ele\" \/>\n<meta property=\"og:url\" content=\"https:\/\/www.crestemsicalatorim.com\/index.php\/product\/magnetic-tiles-set-magnetic-de-constructie-116-bucati\/\" \/>\n<meta property=\"og:site_name\" content=\"Crestem si Calatorim\" \/>\n<meta property=\"article:publisher\" content=\"https:\/\/web.facebook.com\/crestemsicalatorim\/\" \/>\n<meta property=\"article:modified_time\" content=\"2025-12-02T20:48:03+00:00\" \/>\n<meta property=\"og:image\" content=\"https:\/\/www.crestemsicalatorim.com\/wp-content\/uploads\/2022\/09\/WhatsApp-Image-2022-09-01-at-8.49.55-PM.jpeg\" \/>\n\t<meta property=\"og:image:width\" content=\"800\" \/>\n\t<meta property=\"og:image:height\" content=\"800\" \/>\n\t<meta property=\"og:image:type\" content=\"image\/jpeg\" \/>\n<meta name=\"twitter:card\" content=\"summary_large_image\" \/>\n<meta name=\"twitter:label1\" content=\"Timp estimat pentru citire\" \/>\n\t<meta name=\"twitter:data1\" content=\"4 minute\" \/>\n<script type=\"application\/ld+json\" class=\"yoast-schema-graph\">{\"@context\":\"https:\/\/schema.org\",\"@graph\":[{\"@type\":\"WebPage\",\"@id\":\"https:\/\/www.crestemsicalatorim.com\/index.php\/product\/magnetic-tiles-set-magnetic-de-constructie-116-bucati\/\",\"url\":\"https:\/\/www.crestemsicalatorim.com\/index.php\/product\/magnetic-tiles-set-magnetic-de-constructie-116-bucati\/\",\"name\":\"Magnetic Tiles - Set Magnetic de Constructie - 116 bucati - Crestem si Calatorim\",\"isPartOf\":{\"@id\":\"https:\/\/www.crestemsicalatorim.com\/#website\"},\"primaryImageOfPage\":{\"@id\":\"https:\/\/www.crestemsicalatorim.com\/index.php\/product\/magnetic-tiles-set-magnetic-de-constructie-116-bucati\/#primaryimage\"},\"image\":{\"@id\":\"https:\/\/www.crestemsicalatorim.com\/index.php\/product\/magnetic-tiles-set-magnetic-de-constructie-116-bucati\/#primaryimage\"},\"thumbnailUrl\":\"https:\/\/i0.wp.com\/www.crestemsicalatorim.com\/wp-content\/uploads\/2022\/09\/WhatsApp-Image-2022-09-01-at-8.49.55-PM.jpeg?fit=800%2C800&ssl=1\",\"datePublished\":\"2022-09-01T18:19:21+00:00\",\"dateModified\":\"2025-12-02T20:48:03+00:00\",\"breadcrumb\":{\"@id\":\"https:\/\/www.crestemsicalatorim.com\/index.php\/product\/magnetic-tiles-set-magnetic-de-constructie-116-bucati\/#breadcrumb\"},\"inLanguage\":\"ro-RO\",\"potentialAction\":[{\"@type\":\"ReadAction\",\"target\":[\"https:\/\/www.crestemsicalatorim.com\/index.php\/product\/magnetic-tiles-set-magnetic-de-constructie-116-bucati\/\"]}]},{\"@type\":\"ImageObject\",\"inLanguage\":\"ro-RO\",\"@id\":\"https:\/\/www.crestemsicalatorim.com\/index.php\/product\/magnetic-tiles-set-magnetic-de-constructie-116-bucati\/#primaryimage\",\"url\":\"https:\/\/i0.wp.com\/www.crestemsicalatorim.com\/wp-content\/uploads\/2022\/09\/WhatsApp-Image-2022-09-01-at-8.49.55-PM.jpeg?fit=800%2C800&ssl=1\",\"contentUrl\":\"https:\/\/i0.wp.com\/www.crestemsicalatorim.com\/wp-content\/uploads\/2022\/09\/WhatsApp-Image-2022-09-01-at-8.49.55-PM.jpeg?fit=800%2C800&ssl=1\",\"width\":800,\"height\":800},{\"@type\":\"BreadcrumbList\",\"@id\":\"https:\/\/www.crestemsicalatorim.com\/index.php\/product\/magnetic-tiles-set-magnetic-de-constructie-116-bucati\/#breadcrumb\",\"itemListElement\":[{\"@type\":\"ListItem\",\"position\":1,\"name\":\"Home\",\"item\":\"https:\/\/www.crestemsicalatorim.com\/\"},{\"@type\":\"ListItem\",\"position\":2,\"name\":\"Shop\",\"item\":\"https:\/\/www.crestemsicalatorim.com\/index.php\/shop\/\"},{\"@type\":\"ListItem\",\"position\":3,\"name\":\"Magnetic Tiles &#8211; Set Magnetic de Constructie &#8211; 116 bucati\"}]},{\"@type\":\"WebSite\",\"@id\":\"https:\/\/www.crestemsicalatorim.com\/#website\",\"url\":\"https:\/\/www.crestemsicalatorim.com\/\",\"name\":\"Crestem si Calatorim\",\"description\":\"Blog despre calatorii cu copii\",\"potentialAction\":[{\"@type\":\"SearchAction\",\"target\":{\"@type\":\"EntryPoint\",\"urlTemplate\":\"https:\/\/www.crestemsicalatorim.com\/?s={search_term_string}\"},\"query-input\":{\"@type\":\"PropertyValueSpecification\",\"valueRequired\":true,\"valueName\":\"search_term_string\"}}],\"inLanguage\":\"ro-RO\"}]}<\/script>\n<!-- \/ Yoast SEO plugin. -->","yoast_head_json":{"title":"Magnetic Tiles - Set Magnetic de Constructie - 116 bucati - Crestem si Calatorim","robots":{"index":"index","follow":"follow","max-snippet":"max-snippet:-1","max-image-preview":"max-image-preview:large","max-video-preview":"max-video-preview:-1"},"canonical":"https:\/\/www.crestemsicalatorim.com\/index.php\/product\/magnetic-tiles-set-magnetic-de-constructie-116-bucati\/","og_locale":"ro_RO","og_type":"article","og_title":"Magnetic Tiles - Set Magnetic de Constructie - 116 bucati - Crestem si Calatorim","og_description":"3D Magnetic Tiles Set Magnetic de Constructie - 116 bucati este o jucarie inovatoare care dezvolta abilitati cognitive\u00a0 si ajuta copilul sa invete formele geometrice.  Acest set minunat de piese magnetice, in culori stralucitoare, le ofera copiilor posibilitatea de a-si dezvolta creativitatea si imaginatia. Nu exista limite in ceea ce ei pot construi si invata!  Setul contine 116 piese, si toate seturile Magnetic Tiles sunt compatibile intre ele","og_url":"https:\/\/www.crestemsicalatorim.com\/index.php\/product\/magnetic-tiles-set-magnetic-de-constructie-116-bucati\/","og_site_name":"Crestem si Calatorim","article_publisher":"https:\/\/web.facebook.com\/crestemsicalatorim\/","article_modified_time":"2025-12-02T20:48:03+00:00","og_image":[{"width":800,"height":800,"url":"https:\/\/www.crestemsicalatorim.com\/wp-content\/uploads\/2022\/09\/WhatsApp-Image-2022-09-01-at-8.49.55-PM.jpeg","type":"image\/jpeg"}],"twitter_card":"summary_large_image","twitter_misc":{"Timp estimat pentru citire":"4 minute"},"schema":{"@context":"https:\/\/schema.org","@graph":[{"@type":"WebPage","@id":"https:\/\/www.crestemsicalatorim.com\/index.php\/product\/magnetic-tiles-set-magnetic-de-constructie-116-bucati\/","url":"https:\/\/www.crestemsicalatorim.com\/index.php\/product\/magnetic-tiles-set-magnetic-de-constructie-116-bucati\/","name":"Magnetic Tiles - Set Magnetic de Constructie - 116 bucati - Crestem si Calatorim","isPartOf":{"@id":"https:\/\/www.crestemsicalatorim.com\/#website"},"primaryImageOfPage":{"@id":"https:\/\/www.crestemsicalatorim.com\/index.php\/product\/magnetic-tiles-set-magnetic-de-constructie-116-bucati\/#primaryimage"},"image":{"@id":"https:\/\/www.crestemsicalatorim.com\/index.php\/product\/magnetic-tiles-set-magnetic-de-constructie-116-bucati\/#primaryimage"},"thumbnailUrl":"https:\/\/i0.wp.com\/www.crestemsicalatorim.com\/wp-content\/uploads\/2022\/09\/WhatsApp-Image-2022-09-01-at-8.49.55-PM.jpeg?fit=800%2C800&ssl=1","datePublished":"2022-09-01T18:19:21+00:00","dateModified":"2025-12-02T20:48:03+00:00","breadcrumb":{"@id":"https:\/\/www.crestemsicalatorim.com\/index.php\/product\/magnetic-tiles-set-magnetic-de-constructie-116-bucati\/#breadcrumb"},"inLanguage":"ro-RO","potentialAction":[{"@type":"ReadAction","target":["https:\/\/www.crestemsicalatorim.com\/index.php\/product\/magnetic-tiles-set-magnetic-de-constructie-116-bucati\/"]}]},{"@type":"ImageObject","inLanguage":"ro-RO","@id":"https:\/\/www.crestemsicalatorim.com\/index.php\/product\/magnetic-tiles-set-magnetic-de-constructie-116-bucati\/#primaryimage","url":"https:\/\/i0.wp.com\/www.crestemsicalatorim.com\/wp-content\/uploads\/2022\/09\/WhatsApp-Image-2022-09-01-at-8.49.55-PM.jpeg?fit=800%2C800&ssl=1","contentUrl":"https:\/\/i0.wp.com\/www.crestemsicalatorim.com\/wp-content\/uploads\/2022\/09\/WhatsApp-Image-2022-09-01-at-8.49.55-PM.jpeg?fit=800%2C800&ssl=1","width":800,"height":800},{"@type":"BreadcrumbList","@id":"https:\/\/www.crestemsicalatorim.com\/index.php\/product\/magnetic-tiles-set-magnetic-de-constructie-116-bucati\/#breadcrumb","itemListElement":[{"@type":"ListItem","position":1,"name":"Home","item":"https:\/\/www.crestemsicalatorim.com\/"},{"@type":"ListItem","position":2,"name":"Shop","item":"https:\/\/www.crestemsicalatorim.com\/index.php\/shop\/"},{"@type":"ListItem","position":3,"name":"Magnetic Tiles &#8211; Set Magnetic de Constructie &#8211; 116 bucati"}]},{"@type":"WebSite","@id":"https:\/\/www.crestemsicalatorim.com\/#website","url":"https:\/\/www.crestemsicalatorim.com\/","name":"Crestem si Calatorim","description":"Blog despre calatorii cu copii","potentialAction":[{"@type":"SearchAction","target":{"@type":"EntryPoint","urlTemplate":"https:\/\/www.crestemsicalatorim.com\/?s={search_term_string}"},"query-input":{"@type":"PropertyValueSpecification","valueRequired":true,"valueName":"search_term_string"}}],"inLanguage":"ro-RO"}]}},"jetpack_sharing_enabled":true,"jetpack-related-posts":[],"_links":{"self":[{"href":"https:\/\/www.crestemsicalatorim.com\/index.php\/wp-json\/wp\/v2\/product\/42522","targetHints":{"allow":["GET"]}}],"collection":[{"href":"https:\/\/www.crestemsicalatorim.com\/index.php\/wp-json\/wp\/v2\/product"}],"about":[{"href":"https:\/\/www.crestemsicalatorim.com\/index.php\/wp-json\/wp\/v2\/types\/product"}],"replies":[{"embeddable":true,"href":"https:\/\/www.crestemsicalatorim.com\/index.php\/wp-json\/wp\/v2\/comments?post=42522"}],"wp:featuredmedia":[{"embeddable":true,"href":"https:\/\/www.crestemsicalatorim.com\/index.php\/wp-json\/wp\/v2\/media\/42528"}],"wp:attachment":[{"href":"https:\/\/www.crestemsicalatorim.com\/index.php\/wp-json\/wp\/v2\/media?parent=42522"}],"wp:term":[{"taxonomy":"product_cat","embeddable":true,"href":"https:\/\/www.crestemsicalatorim.com\/index.php\/wp-json\/wp\/v2\/product_cat?post=42522"},{"taxonomy":"product_tag","embeddable":true,"href":"https:\/\/www.crestemsicalatorim.com\/index.php\/wp-json\/wp\/v2\/product_tag?post=42522"}],"curies":[{"name":"wp","href":"https:\/\/api.w.org\/{rel}","templated":true}]}}