{"id":45549,"date":"2024-05-09T18:17:00","date_gmt":"2024-05-09T18:17:00","guid":{"rendered":"https:\/\/www.crestemsicalatorim.com\/?post_type=product&#038;p=45549"},"modified":"2026-02-01T11:54:01","modified_gmt":"2026-02-01T11:54:01","slug":"ochelari-de-soare-pentru-copii-cu-filtru-uv","status":"publish","type":"product","link":"https:\/\/www.crestemsicalatorim.com\/index.php\/product\/ochelari-de-soare-pentru-copii-cu-filtru-uv\/","title":{"rendered":"Ochelari de soare pentru copii cu filtru UV"},"content":{"rendered":"<div class=\"flex max-w-full flex-col flex-grow\">\n<div class=\"min-h-[20px] text-message flex w-full flex-col items-end gap-2 whitespace-normal break-words [.text-message+&amp;]:mt-5 overflow-x-auto\" dir=\"auto\" data-message-author-role=\"assistant\" data-message-id=\"fdd07f39-b8ba-4f8f-b3f6-6d0d958d6724\">\n<div class=\"flex w-full flex-col gap-1 empty:hidden first:pt-[3px]\">\n<div class=\"markdown prose w-full break-words dark:prose-invert light\">\n<p>Protejeaz\u0103 ochii sensibili ai copiilor t\u0103i cu stil \u0219i siguran\u021b\u0103 folosind <strong>ochelarii de soare pentru copii cu filtru UV400<\/strong>! Perfec\u021bi pentru zilele \u00eensorite la plaj\u0103, \u00een ora\u0219 sau \u00een drume\u021bii, ace\u0219ti ochelari sunt accesoriul ideal pentru micii exploratori, asigur\u00e2ndu-le o <strong>protec\u021bie 100% \u00eempotriva razelor UV<\/strong>.<\/p>\n<h3>Caracteristici principale:<\/h3>\n<ul>\n<li><strong>Protec\u021bie UV400<\/strong>: Filtru de \u00eenalt\u0103 calitate care protejeaz\u0103 complet ochii celor mici de razele d\u0103un\u0103toare ale soarelui, fie c\u0103 sunt la plaj\u0103, \u00een parc sau \u00een drume\u021bie.<\/li>\n<li><strong>Material eco-friendly<\/strong>: Ramele sunt fabricate din <strong>plastic reciclat<\/strong>, combin\u00e2nd sustenabilitatea cu rezisten\u021ba, pentru o solu\u021bie sigur\u0103 \u0219i prietenoas\u0103 cu mediul.<\/li>\n<li><strong>Design confortabil \u0219i sigur<\/strong>: Ramele subtile, cu un finisaj neted, sunt concepute s\u0103 nu zg\u00e2rie t\u00e2mplele \u0219i s\u0103 nu apese pe urechi, asigur\u00e2nd confort pe tot parcursul zilei.<\/li>\n<\/ul>\n<h3>Culoare \u0219i stil pentru fiecare copil:<\/h3>\n<p>Disponibili \u00een culorile vesele <strong>roz<\/strong> \u0219i <strong>verde<\/strong>, ace\u0219ti ochelari sunt perfec\u021bi pentru a se potrivi personalit\u0103\u021bii fiec\u0103rui copil. <strong>Potrivi\u021bi pentru copiii cu v\u00e2rsta \u00eentre 2 \u0219i 8 ani<\/strong>, ochelarii sunt crea\u021bi pentru a se adapta perfect fe\u021bei celor mici.<\/p>\n<h3>Prezentare premium:<\/h3>\n<p>Ochelarii vin \u00eentr-o <strong>cutie elegant\u0103 \u0219i rezistent\u0103 de carton<\/strong>, al\u0103turi de un <strong>s\u0103cule\u021b din microfibr\u0103<\/strong>, perfect pentru a p\u0103stra ochelarii \u00een siguran\u021b\u0103 \u0219i pentru a cur\u0103\u021ba lentilele rapid \u0219i eficient.<\/p>\n<h3>Detalii tehnice:<\/h3>\n<ul>\n<li><strong>Rame<\/strong>: Fabricate din plastic reciclat, durabil \u0219i u\u0219or.<\/li>\n<li><strong>Lentile<\/strong>: Realizate din policarbonat de \u00eenalt\u0103 calitate, pentru o claritate superioar\u0103 \u0219i protec\u021bie maxim\u0103.<\/li>\n<\/ul>\n<p>Cu ace\u0219ti ochelari de soare, fiecare ie\u0219ire \u00een aer liber devine o aventur\u0103 sigur\u0103 \u0219i confortabil\u0103!<\/p>\n<\/div>\n<\/div>\n<\/div>\n<\/div>\n","protected":false},"excerpt":{"rendered":"<p>Ochelarii de soare pentru copii sunt cele mai bune accesorii pentru verile fierbinti la plaja sau la plimbari in oras. Ochelarii nostri au filtru UV si sunt fabricati din plastic reciclat, de o marime numai buna pentru micutii exploratori. Sunt disponibili atat pe roz cat si pe verde, asa incat toti copilasii se pot bucura de culoarea preferata.<\/p>\n<p>Ochelarii au\u00a0 UV400, si ofera protectie 100% micilor ochisori care merg la plaja sau in drumetie.<\/p>\n<p>Ramele ochelarilor sunt subtiri, cu finisaj perfect care nu zgarie tamplele si nu adauga presiune asupra urechii.<\/p>\n<p>Ochelarii vin intr-o cutie minunata si rezistena de carton si impreuna cu un saculet de microfibra pentru mai multa protectie, care poate fi folosit si drept carpa de sters.<\/p>\n<p>Potriviti pentru 2-8 ani.<\/p>\n","protected":false},"featured_media":45560,"comment_status":"open","ping_status":"closed","template":"","meta":{"_et_pb_use_builder":"","_et_pb_old_content":"","_et_gb_content_width":"","_exactmetrics_skip_tracking":false,"_exactmetrics_sitenote_active":false,"_exactmetrics_sitenote_note":"","_exactmetrics_sitenote_category":0,"jetpack_post_was_ever_published":false},"product_cat":[36],"product_tag":[],"class_list":{"0":"post-45549","1":"product","2":"type-product","3":"status-publish","4":"has-post-thumbnail","6":"product_cat-shop","8":"first","9":"instock","10":"sale","11":"taxable","12":"shipping-taxable","13":"purchasable","14":"product-type-variable"},"yoast_head":"<!-- This site is optimized with the Yoast SEO plugin v24.1 - https:\/\/yoast.com\/wordpress\/plugins\/seo\/ -->\n<title>Ochelari de soare pentru copii cu filtru UV - Crestem si Calatorim<\/title>\n<meta name=\"robots\" content=\"index, follow, max-snippet:-1, max-image-preview:large, max-video-preview:-1\" \/>\n<link rel=\"canonical\" href=\"https:\/\/www.crestemsicalatorim.com\/index.php\/product\/ochelari-de-soare-pentru-copii-cu-filtru-uv\/\" \/>\n<meta property=\"og:locale\" content=\"ro_RO\" \/>\n<meta property=\"og:type\" content=\"article\" \/>\n<meta property=\"og:title\" content=\"Ochelari de soare pentru copii cu filtru UV - Crestem si Calatorim\" \/>\n<meta property=\"og:description\" content=\"Ochelarii de soare pentru copii sunt cele mai bune accesorii pentru verile fierbinti la plaja sau la plimbari in oras. Ochelarii nostri au filtru UV si sunt fabricati din plastic reciclat, de o marime numai buna pentru micutii exploratori. Sunt disponibili atat pe roz cat si pe verde, asa incat toti copilasii se pot bucura de culoarea preferata.  Ochelarii au\u00a0 UV400, si ofera protectie 100% micilor ochisori care merg la plaja sau in drumetie.  Ramele ochelarilor sunt subtiri, cu finisaj perfect care nu zgarie tamplele si nu adauga presiune asupra urechii.  Ochelarii vin intr-o cutie minunata si rezistena de carton si impreuna cu un saculet de microfibra pentru mai multa protectie, care poate fi folosit si drept carpa de sters.  Potriviti pentru 2-8 ani.\" \/>\n<meta property=\"og:url\" content=\"https:\/\/www.crestemsicalatorim.com\/index.php\/product\/ochelari-de-soare-pentru-copii-cu-filtru-uv\/\" \/>\n<meta property=\"og:site_name\" content=\"Crestem si Calatorim\" \/>\n<meta property=\"article:publisher\" content=\"https:\/\/web.facebook.com\/crestemsicalatorim\/\" \/>\n<meta property=\"article:modified_time\" content=\"2026-02-01T11:54:01+00:00\" \/>\n<meta property=\"og:image\" content=\"https:\/\/i0.wp.com\/www.crestemsicalatorim.com\/wp-content\/uploads\/2024\/05\/main-ochelari.png?fit=596%2C581&ssl=1\" \/>\n\t<meta property=\"og:image:width\" content=\"596\" \/>\n\t<meta property=\"og:image:height\" content=\"581\" \/>\n\t<meta property=\"og:image:type\" content=\"image\/png\" \/>\n<meta name=\"twitter:card\" content=\"summary_large_image\" \/>\n<meta name=\"twitter:label1\" content=\"Timp estimat pentru citire\" \/>\n\t<meta name=\"twitter:data1\" content=\"1 minut\" \/>\n<script type=\"application\/ld+json\" class=\"yoast-schema-graph\">{\"@context\":\"https:\/\/schema.org\",\"@graph\":[{\"@type\":\"WebPage\",\"@id\":\"https:\/\/www.crestemsicalatorim.com\/index.php\/product\/ochelari-de-soare-pentru-copii-cu-filtru-uv\/\",\"url\":\"https:\/\/www.crestemsicalatorim.com\/index.php\/product\/ochelari-de-soare-pentru-copii-cu-filtru-uv\/\",\"name\":\"Ochelari de soare pentru copii cu filtru UV - Crestem si Calatorim\",\"isPartOf\":{\"@id\":\"https:\/\/www.crestemsicalatorim.com\/#website\"},\"primaryImageOfPage\":{\"@id\":\"https:\/\/www.crestemsicalatorim.com\/index.php\/product\/ochelari-de-soare-pentru-copii-cu-filtru-uv\/#primaryimage\"},\"image\":{\"@id\":\"https:\/\/www.crestemsicalatorim.com\/index.php\/product\/ochelari-de-soare-pentru-copii-cu-filtru-uv\/#primaryimage\"},\"thumbnailUrl\":\"https:\/\/i0.wp.com\/www.crestemsicalatorim.com\/wp-content\/uploads\/2024\/05\/main-ochelari.png?fit=596%2C581&ssl=1\",\"datePublished\":\"2024-05-09T18:17:00+00:00\",\"dateModified\":\"2026-02-01T11:54:01+00:00\",\"breadcrumb\":{\"@id\":\"https:\/\/www.crestemsicalatorim.com\/index.php\/product\/ochelari-de-soare-pentru-copii-cu-filtru-uv\/#breadcrumb\"},\"inLanguage\":\"ro-RO\",\"potentialAction\":[{\"@type\":\"ReadAction\",\"target\":[\"https:\/\/www.crestemsicalatorim.com\/index.php\/product\/ochelari-de-soare-pentru-copii-cu-filtru-uv\/\"]}]},{\"@type\":\"ImageObject\",\"inLanguage\":\"ro-RO\",\"@id\":\"https:\/\/www.crestemsicalatorim.com\/index.php\/product\/ochelari-de-soare-pentru-copii-cu-filtru-uv\/#primaryimage\",\"url\":\"https:\/\/i0.wp.com\/www.crestemsicalatorim.com\/wp-content\/uploads\/2024\/05\/main-ochelari.png?fit=596%2C581&ssl=1\",\"contentUrl\":\"https:\/\/i0.wp.com\/www.crestemsicalatorim.com\/wp-content\/uploads\/2024\/05\/main-ochelari.png?fit=596%2C581&ssl=1\",\"width\":596,\"height\":581},{\"@type\":\"BreadcrumbList\",\"@id\":\"https:\/\/www.crestemsicalatorim.com\/index.php\/product\/ochelari-de-soare-pentru-copii-cu-filtru-uv\/#breadcrumb\",\"itemListElement\":[{\"@type\":\"ListItem\",\"position\":1,\"name\":\"Home\",\"item\":\"https:\/\/www.crestemsicalatorim.com\/\"},{\"@type\":\"ListItem\",\"position\":2,\"name\":\"Shop\",\"item\":\"https:\/\/www.crestemsicalatorim.com\/index.php\/shop\/\"},{\"@type\":\"ListItem\",\"position\":3,\"name\":\"Ochelari de soare pentru copii cu filtru UV\"}]},{\"@type\":\"WebSite\",\"@id\":\"https:\/\/www.crestemsicalatorim.com\/#website\",\"url\":\"https:\/\/www.crestemsicalatorim.com\/\",\"name\":\"Crestem si Calatorim\",\"description\":\"Blog despre calatorii cu copii\",\"potentialAction\":[{\"@type\":\"SearchAction\",\"target\":{\"@type\":\"EntryPoint\",\"urlTemplate\":\"https:\/\/www.crestemsicalatorim.com\/?s={search_term_string}\"},\"query-input\":{\"@type\":\"PropertyValueSpecification\",\"valueRequired\":true,\"valueName\":\"search_term_string\"}}],\"inLanguage\":\"ro-RO\"}]}<\/script>\n<!-- \/ Yoast SEO plugin. -->","yoast_head_json":{"title":"Ochelari de soare pentru copii cu filtru UV - Crestem si Calatorim","robots":{"index":"index","follow":"follow","max-snippet":"max-snippet:-1","max-image-preview":"max-image-preview:large","max-video-preview":"max-video-preview:-1"},"canonical":"https:\/\/www.crestemsicalatorim.com\/index.php\/product\/ochelari-de-soare-pentru-copii-cu-filtru-uv\/","og_locale":"ro_RO","og_type":"article","og_title":"Ochelari de soare pentru copii cu filtru UV - Crestem si Calatorim","og_description":"Ochelarii de soare pentru copii sunt cele mai bune accesorii pentru verile fierbinti la plaja sau la plimbari in oras. Ochelarii nostri au filtru UV si sunt fabricati din plastic reciclat, de o marime numai buna pentru micutii exploratori. Sunt disponibili atat pe roz cat si pe verde, asa incat toti copilasii se pot bucura de culoarea preferata.  Ochelarii au\u00a0 UV400, si ofera protectie 100% micilor ochisori care merg la plaja sau in drumetie.  Ramele ochelarilor sunt subtiri, cu finisaj perfect care nu zgarie tamplele si nu adauga presiune asupra urechii.  Ochelarii vin intr-o cutie minunata si rezistena de carton si impreuna cu un saculet de microfibra pentru mai multa protectie, care poate fi folosit si drept carpa de sters.  Potriviti pentru 2-8 ani.","og_url":"https:\/\/www.crestemsicalatorim.com\/index.php\/product\/ochelari-de-soare-pentru-copii-cu-filtru-uv\/","og_site_name":"Crestem si Calatorim","article_publisher":"https:\/\/web.facebook.com\/crestemsicalatorim\/","article_modified_time":"2026-02-01T11:54:01+00:00","og_image":[{"width":596,"height":581,"url":"https:\/\/i0.wp.com\/www.crestemsicalatorim.com\/wp-content\/uploads\/2024\/05\/main-ochelari.png?fit=596%2C581&ssl=1","type":"image\/png"}],"twitter_card":"summary_large_image","twitter_misc":{"Timp estimat pentru citire":"1 minut"},"schema":{"@context":"https:\/\/schema.org","@graph":[{"@type":"WebPage","@id":"https:\/\/www.crestemsicalatorim.com\/index.php\/product\/ochelari-de-soare-pentru-copii-cu-filtru-uv\/","url":"https:\/\/www.crestemsicalatorim.com\/index.php\/product\/ochelari-de-soare-pentru-copii-cu-filtru-uv\/","name":"Ochelari de soare pentru copii cu filtru UV - Crestem si Calatorim","isPartOf":{"@id":"https:\/\/www.crestemsicalatorim.com\/#website"},"primaryImageOfPage":{"@id":"https:\/\/www.crestemsicalatorim.com\/index.php\/product\/ochelari-de-soare-pentru-copii-cu-filtru-uv\/#primaryimage"},"image":{"@id":"https:\/\/www.crestemsicalatorim.com\/index.php\/product\/ochelari-de-soare-pentru-copii-cu-filtru-uv\/#primaryimage"},"thumbnailUrl":"https:\/\/i0.wp.com\/www.crestemsicalatorim.com\/wp-content\/uploads\/2024\/05\/main-ochelari.png?fit=596%2C581&ssl=1","datePublished":"2024-05-09T18:17:00+00:00","dateModified":"2026-02-01T11:54:01+00:00","breadcrumb":{"@id":"https:\/\/www.crestemsicalatorim.com\/index.php\/product\/ochelari-de-soare-pentru-copii-cu-filtru-uv\/#breadcrumb"},"inLanguage":"ro-RO","potentialAction":[{"@type":"ReadAction","target":["https:\/\/www.crestemsicalatorim.com\/index.php\/product\/ochelari-de-soare-pentru-copii-cu-filtru-uv\/"]}]},{"@type":"ImageObject","inLanguage":"ro-RO","@id":"https:\/\/www.crestemsicalatorim.com\/index.php\/product\/ochelari-de-soare-pentru-copii-cu-filtru-uv\/#primaryimage","url":"https:\/\/i0.wp.com\/www.crestemsicalatorim.com\/wp-content\/uploads\/2024\/05\/main-ochelari.png?fit=596%2C581&ssl=1","contentUrl":"https:\/\/i0.wp.com\/www.crestemsicalatorim.com\/wp-content\/uploads\/2024\/05\/main-ochelari.png?fit=596%2C581&ssl=1","width":596,"height":581},{"@type":"BreadcrumbList","@id":"https:\/\/www.crestemsicalatorim.com\/index.php\/product\/ochelari-de-soare-pentru-copii-cu-filtru-uv\/#breadcrumb","itemListElement":[{"@type":"ListItem","position":1,"name":"Home","item":"https:\/\/www.crestemsicalatorim.com\/"},{"@type":"ListItem","position":2,"name":"Shop","item":"https:\/\/www.crestemsicalatorim.com\/index.php\/shop\/"},{"@type":"ListItem","position":3,"name":"Ochelari de soare pentru copii cu filtru UV"}]},{"@type":"WebSite","@id":"https:\/\/www.crestemsicalatorim.com\/#website","url":"https:\/\/www.crestemsicalatorim.com\/","name":"Crestem si Calatorim","description":"Blog despre calatorii cu copii","potentialAction":[{"@type":"SearchAction","target":{"@type":"EntryPoint","urlTemplate":"https:\/\/www.crestemsicalatorim.com\/?s={search_term_string}"},"query-input":{"@type":"PropertyValueSpecification","valueRequired":true,"valueName":"search_term_string"}}],"inLanguage":"ro-RO"}]}},"jetpack_sharing_enabled":true,"jetpack-related-posts":[],"_links":{"self":[{"href":"https:\/\/www.crestemsicalatorim.com\/index.php\/wp-json\/wp\/v2\/product\/45549","targetHints":{"allow":["GET"]}}],"collection":[{"href":"https:\/\/www.crestemsicalatorim.com\/index.php\/wp-json\/wp\/v2\/product"}],"about":[{"href":"https:\/\/www.crestemsicalatorim.com\/index.php\/wp-json\/wp\/v2\/types\/product"}],"replies":[{"embeddable":true,"href":"https:\/\/www.crestemsicalatorim.com\/index.php\/wp-json\/wp\/v2\/comments?post=45549"}],"wp:featuredmedia":[{"embeddable":true,"href":"https:\/\/www.crestemsicalatorim.com\/index.php\/wp-json\/wp\/v2\/media\/45560"}],"wp:attachment":[{"href":"https:\/\/www.crestemsicalatorim.com\/index.php\/wp-json\/wp\/v2\/media?parent=45549"}],"wp:term":[{"taxonomy":"product_cat","embeddable":true,"href":"https:\/\/www.crestemsicalatorim.com\/index.php\/wp-json\/wp\/v2\/product_cat?post=45549"},{"taxonomy":"product_tag","embeddable":true,"href":"https:\/\/www.crestemsicalatorim.com\/index.php\/wp-json\/wp\/v2\/product_tag?post=45549"}],"curies":[{"name":"wp","href":"https:\/\/api.w.org\/{rel}","templated":true}]}}